{"id":1409,"date":"2014-03-23T19:37:38","date_gmt":"2014-03-23T17:37:38","guid":{"rendered":"http:\/\/www.musikverein-stammheim.de\/start\/?page_id=1409"},"modified":"2026-03-29T15:55:22","modified_gmt":"2026-03-29T13:55:22","slug":"vorstandschaft","status":"publish","type":"page","link":"https:\/\/www.musikverein-stammheim.de\/start\/ueber-uns\/vorstandschaft\/","title":{"rendered":"Vorstandschaft"},"content":{"rendered":"\n<p>Sowohl hinter der Jugend als auch hinter dem Gesamtverein steht ein Ausschuss. Dieser k\u00fcmmert sich um alle internen und externen Angelegenheiten und kooperiert mit anderen Vereinen.&nbsp;Zu den Aufgaben der Vorstandschaft geh\u00f6rt die Organisation und Verantwortung des gesamten Vereins, wie beispielsweise die Organisation und Vorbereitung von Geburtstagsst\u00e4ndchen, Konzerten oder Konzertreisen. Aber auch au\u00dfermusikalische Aufgaben fallen in den Aufgabenbereich der Vorstandschaft, wie das Organisieren des Kulinarischen Marktplatzes oder der Vereinsverwaltung.&nbsp;<\/p>\n\n\n\n<p>In den regelm\u00e4\u00dfig stattfindenden Ausschusssitzungen werden die anstehenden Projekte, Veranstaltungen oder Arbeitseins\u00e4tze geplant und durchgef\u00fchrt. Zudem werden musikalische Anliegen und alle weiteren Themen, die bei der t\u00e4glichen Vereinsarbeit anfallen, gekl\u00e4rt.<\/p>\n\n\n\n<p>Jeder hat die M\u00f6glichkeit Teil des Ausschusses zu werden. Die M\u00f6glichkeit bietet sich alle zwei Jahre bei den Wahlen, die bei der Generalversammlung stattfinden.&nbsp;<\/p>\n\n\n\n<div class=\"wp-block-columns is-layout-flex wp-container-core-columns-is-layout-9d6595d7 wp-block-columns-is-layout-flex\">\n<div class=\"wp-block-column is-layout-flow wp-block-column-is-layout-flow\">\n<p><strong>1. Vorsitzender<\/strong> <a href=\"https:\/\/www.musikverein-stammheim.de\/start\/ueber-uns\/kontakt\/\"><strong>Mail<\/strong><\/a><br>Holger Egeler<\/p>\n<\/div>\n\n\n\n<div class=\"wp-block-column is-layout-flow wp-block-column-is-layout-flow\">\n<p><strong>2. Vorsitzender<a href=\"https:\/\/www.musikverein-stammheim.de\/start\/ueber-uns\/kontakt\/\"> Mail<\/a><\/strong><br>Michael Kuonath<\/p>\n<\/div>\n<\/div>\n\n\n\n<div class=\"wp-block-columns is-layout-flex wp-container-core-columns-is-layout-9d6595d7 wp-block-columns-is-layout-flex\">\n<div class=\"wp-block-column is-layout-flow wp-block-column-is-layout-flow\">\n<p><strong>Gesch\u00e4ftsf\u00fchrerin<a href=\"https:\/\/www.musikverein-stammheim.de\/start\/ueber-uns\/kontakt\/\"> Mail<\/a><\/strong><br>Marina Binder<\/p>\n<\/div>\n\n\n\n<div class=\"wp-block-column is-layout-flow wp-block-column-is-layout-flow\">\n<p><strong>Schriftf\u00fchrerin<a href=\"https:\/\/www.musikverein-stammheim.de\/start\/ueber-uns\/kontakt\/\"> Mail<\/a><\/strong><br>Sina Kuonath<\/p>\n<\/div>\n<\/div>\n\n\n\n<div class=\"wp-block-columns is-layout-flex wp-container-core-columns-is-layout-9d6595d7 wp-block-columns-is-layout-flex\">\n<div class=\"wp-block-column is-layout-flow wp-block-column-is-layout-flow\">\n<p><strong>Kassier<\/strong><br>Andreas Ottm\u00fcller<\/p>\n<\/div>\n\n\n\n<div class=\"wp-block-column is-layout-flow wp-block-column-is-layout-flow\">\n<p><strong>Pressesprecherin<a href=\"https:\/\/www.musikverein-stammheim.de\/start\/ueber-uns\/kontakt\/\"> Mail<\/a><\/strong><br>Annika Binder<\/p>\n<\/div>\n<\/div>\n\n\n\n<div class=\"wp-block-columns is-layout-flex wp-container-core-columns-is-layout-9d6595d7 wp-block-columns-is-layout-flex\">\n<div class=\"wp-block-column is-layout-flow wp-block-column-is-layout-flow\">\n<p><strong>Beisitzerinnen und Beisitzer<\/strong><br>Daniela Holzinger<br>Lia Kusterer<br>Steffen Kirchherr<br>Roman Kober<br>Sarah K.<br>Alexander Weinmann<\/p>\n<\/div>\n\n\n\n<div class=\"wp-block-column is-layout-flow wp-block-column-is-layout-flow\">\n<p><strong>1. Jugendleiterin<a href=\"https:\/\/www.musikverein-stammheim.de\/start\/ueber-uns\/kontakt\/\"> Mail<\/a><\/strong><br>Laura Andrae<\/p>\n\n\n\n<p><strong>2. Jugendleiter<\/strong><br>Arian Furthm\u00fcller<\/p>\n<\/div>\n<\/div>\n\n\n\n<div class=\"wp-block-columns is-layout-flex wp-container-core-columns-is-layout-9d6595d7 wp-block-columns-is-layout-flex\">\n<div class=\"wp-block-column is-layout-flow wp-block-column-is-layout-flow\">\n<p><strong>Dirigenten<\/strong><br>Timo Klumpp (Jugendkapelle)&nbsp;<strong><a href=\"https:\/\/www.musikverein-stammheim.de\/start\/ueber-uns\/kontakt\/\">Mail<\/a><\/strong><br>Timo Klumpp (Trachtenkapelle)&nbsp;<strong><a href=\"https:\/\/www.musikverein-stammheim.de\/start\/ueber-uns\/kontakt\/\">Mail<\/a><\/strong><br>Hermann Kuonath (Ehrendirigent)<\/p>\n<\/div>\n\n\n\n<div class=\"wp-block-column is-layout-flow wp-block-column-is-layout-flow\">\n<p><strong>Ehrenvorsitzende<\/strong><br>J\u00fcrgen Bernhardt<br>Herbert Hammann<br><\/p>\n<\/div>\n<\/div>\n\n\n\n<div class=\"wp-block-columns is-layout-flex wp-container-core-columns-is-layout-9d6595d7 wp-block-columns-is-layout-flex\">\n<div class=\"wp-block-column is-layout-flow wp-block-column-is-layout-flow\">\n<p><strong><a href=\"https:\/\/www.musikverein-stammheim.de\/start\/ueber-uns\/vorstandschaft\/\">Nicht in der Vorstandschaft<\/a><\/strong><\/p>\n\n\n\n<p><strong>Kassenpr\u00fcfer<\/strong><br>Diethelm Heldmayer<br>Sonja Bernhardt<\/p>\n\n\n\n<p><strong>Webmaster <a href=\"https:\/\/www.musikverein-stammheim.de\/start\/ueber-uns\/kontakt\/\">Mail<\/a><\/strong><br>Sina Kuonath<\/p>\n<\/div>\n\n\n\n<div class=\"wp-block-column is-layout-flow wp-block-column-is-layout-flow\"><\/div>\n<\/div>\n\n\n\n<p class=\"has-blue-color has-text-color has-link-color has-normal-font-size wp-elements-308deed3303927017c486df7ba9197c5\"><\/p>\n\n\n\n<p><\/p>\n","protected":false},"excerpt":{"rendered":"<p>Sowohl hinter der Jugend als auch hinter dem Gesamtverein steht ein Ausschuss. Dieser k\u00fcmmert sich um alle internen und externen Angelegenheiten und kooperiert mit anderen Vereinen.&nbsp;Zu den Aufgaben der Vorstandschaft <a class=\"more-link\" href=\"https:\/\/www.musikverein-stammheim.de\/start\/ueber-uns\/vorstandschaft\/\">Weiterlesen \u2192<\/a><\/p>\n","protected":false},"author":1,"featured_media":0,"parent":1405,"menu_order":0,"comment_status":"closed","ping_status":"closed","template":"","meta":{"footnotes":""},"class_list":["post-1409","page","type-page","status-publish","hentry"],"_links":{"self":[{"href":"https:\/\/www.musikverein-stammheim.de\/start\/wp-json\/wp\/v2\/pages\/1409","targetHints":{"allow":["GET"]}}],"collection":[{"href":"https:\/\/www.musikverein-stammheim.de\/start\/wp-json\/wp\/v2\/pages"}],"about":[{"href":"https:\/\/www.musikverein-stammheim.de\/start\/wp-json\/wp\/v2\/types\/page"}],"author":[{"embeddable":true,"href":"https:\/\/www.musikverein-stammheim.de\/start\/wp-json\/wp\/v2\/users\/1"}],"replies":[{"embeddable":true,"href":"https:\/\/www.musikverein-stammheim.de\/start\/wp-json\/wp\/v2\/comments?post=1409"}],"version-history":[{"count":68,"href":"https:\/\/www.musikverein-stammheim.de\/start\/wp-json\/wp\/v2\/pages\/1409\/revisions"}],"predecessor-version":[{"id":8576,"href":"https:\/\/www.musikverein-stammheim.de\/start\/wp-json\/wp\/v2\/pages\/1409\/revisions\/8576"}],"up":[{"embeddable":true,"href":"https:\/\/www.musikverein-stammheim.de\/start\/wp-json\/wp\/v2\/pages\/1405"}],"wp:attachment":[{"href":"https:\/\/www.musikverein-stammheim.de\/start\/wp-json\/wp\/v2\/media?parent=1409"}],"curies":[{"name":"wp","href":"https:\/\/api.w.org\/{rel}","templated":true}]}}