{"id":1499,"date":"2014-03-23T22:40:47","date_gmt":"2014-03-23T20:40:47","guid":{"rendered":"http:\/\/www.musikverein-stammheim.de\/start\/?page_id=1499"},"modified":"2026-01-03T16:26:48","modified_gmt":"2026-01-03T14:26:48","slug":"jugendkapelle","status":"publish","type":"page","link":"https:\/\/www.musikverein-stammheim.de\/start\/orchester\/jugendkapelle\/","title":{"rendered":"Jugendkapelle"},"content":{"rendered":"\n<div class=\"wp-block-columns is-layout-flex wp-container-core-columns-is-layout-9d6595d7 wp-block-columns-is-layout-flex\">\n<div class=\"wp-block-column is-layout-flow wp-block-column-is-layout-flow\">\n<figure class=\"wp-block-image size-full is-resized\"><a href=\"https:\/\/www.musikverein-stammheim.de\/start\/wp-content\/uploads\/2025\/05\/JK-Dirigent-2025.jpg\"><img loading=\"lazy\" decoding=\"async\" width=\"1080\" height=\"1512\" src=\"https:\/\/www.musikverein-stammheim.de\/start\/wp-content\/uploads\/2025\/05\/JK-Dirigent-2025.jpg\" alt=\"\" class=\"wp-image-8082\" style=\"width:301px;height:auto\" srcset=\"https:\/\/www.musikverein-stammheim.de\/start\/wp-content\/uploads\/2025\/05\/JK-Dirigent-2025.jpg 1080w, https:\/\/www.musikverein-stammheim.de\/start\/wp-content\/uploads\/2025\/05\/JK-Dirigent-2025-214x300.jpg 214w, https:\/\/www.musikverein-stammheim.de\/start\/wp-content\/uploads\/2025\/05\/JK-Dirigent-2025-731x1024.jpg 731w, https:\/\/www.musikverein-stammheim.de\/start\/wp-content\/uploads\/2025\/05\/JK-Dirigent-2025-768x1075.jpg 768w\" sizes=\"auto, (max-width: 1080px) 100vw, 1080px\" \/><\/a><figcaption class=\"wp-element-caption\">Jugenddirigent Timo Klumpp<\/figcaption><\/figure>\n<\/div>\n\n\n\n<div class=\"wp-block-column is-layout-flow wp-block-column-is-layout-flow\">\n<p>Die Aufnahme in die Jugendkapelle ist der H\u00f6hepunkt der musikalischen Ausbildung der Jungmusikerinnen und -musiker. Sie bekommen ihre erste Tracht, lernen die Registerkolleginnen und -kollegen kennen und haben gro\u00dfe Auftritte, wie das Fr\u00fchjahrskonzert. Aktuell besteht die Jugendkapelle aus mehr als 30 Musikerinnen und Musikern und ist somit einer der gr\u00f6\u00dften Jugendkapellen in der Umgebung. Es werden St\u00fccke verschiedenster Genres gespielt, von Polkas \u00fcber M\u00e4rsche, bis hin zu aktueller Popmusik von K\u00fcnstlerinnen und K\u00fcnstlern wie Lady Gaga oder Alvaro Soler. Die Jugendkapelle \u00fcbt Freitagabends f\u00fcr Auftritte oder Konzerte.<\/p>\n<\/div>\n<\/div>\n\n\n\n<p>Die aufregendste Zeit ist hierbei sicherlich die Vorbereitung auf das Fr\u00fchjahrskonzert. Es werden monatelang die ausgew\u00e4hlten St\u00fccke einge\u00fcbt. Am Probewochenende wird wenige Wochen vor dem Fr\u00fchjahrskonzert nochmal flei\u00dfig an den St\u00fccken gearbeitet \u2013 nat\u00fcrlich kommt auch der Spa\u00df nicht zu kurz. Und dann der gro\u00dfe Moment: das Fr\u00fchjahrskonzert im April.<\/p>\n\n\n\n<figure class=\"wp-block-image size-large\"><a href=\"https:\/\/www.musikverein-stammheim.de\/start\/wp-content\/uploads\/2025\/05\/DSC_6163-1-scaled.jpg\"><img loading=\"lazy\" decoding=\"async\" width=\"1024\" height=\"681\" src=\"https:\/\/www.musikverein-stammheim.de\/start\/wp-content\/uploads\/2025\/05\/DSC_6163-1-1024x681.jpg\" alt=\"\" class=\"wp-image-8058\" srcset=\"https:\/\/www.musikverein-stammheim.de\/start\/wp-content\/uploads\/2025\/05\/DSC_6163-1-1024x681.jpg 1024w, https:\/\/www.musikverein-stammheim.de\/start\/wp-content\/uploads\/2025\/05\/DSC_6163-1-300x200.jpg 300w, https:\/\/www.musikverein-stammheim.de\/start\/wp-content\/uploads\/2025\/05\/DSC_6163-1-768x511.jpg 768w, https:\/\/www.musikverein-stammheim.de\/start\/wp-content\/uploads\/2025\/05\/DSC_6163-1-1536x1022.jpg 1536w, https:\/\/www.musikverein-stammheim.de\/start\/wp-content\/uploads\/2025\/05\/DSC_6163-1-2048x1363.jpg 2048w\" sizes=\"auto, (max-width: 1024px) 100vw, 1024px\" \/><\/a><figcaption class=\"wp-element-caption\">Die Jugendkapelle beim Fr\u00fchjahrskonzert 2025.<\/figcaption><\/figure>\n\n\n<div style=\"text-align: left;\">\n<p><span style=\"font-weight: 400;\"><span style=\"font-size: revert;\">Die Auftritte der Jugendkapelle verteilen sich \u00fcber das ganze Jahr. Dabei gibt es traditionelle Auftritte, die jedes Jahr stattfinden, aber auch einmalige Auftritte, die von Jahr zu Jahr variieren.<\/span><br \/><\/span><\/p>\n<div class=\"page\" title=\"Page 7\">\n<div class=\"layoutArea\">\n<div class=\"column\">\n<p><strong>Traditionelle Auftritte:<\/strong><\/p>\n<ul>\n<li>\n<p>Fr\u00fchjahrskonzert<\/p>\n<\/li>\n<li>\n<p>Fleckenfest \/ Kulinarischer Marktplatz<\/p>\n<\/li>\n<li>\n<p>Erlebnismusik<\/p>\n<\/li>\n<li>Christmas Stories<\/li>\n<\/ul>\n<p>Besondere Highlights im Jahr sind f\u00fcr die Jugendkapelle auch die nicht traditionellen Auftritte. So spielte die Jugendkapelle schon bei einer Konzertreise beim Sch\u00fctzenfest in Angermund, war Teil von Auftritten mit anderen Jugendkapellen und nahm bereits an mehreren Wertungsspielen teil. Durch diese Vielfalt an Auftritten wird es nie langweilig und es ist jedes Jahr Abwechslung geboten.<\/p>\n<p><strong>Und das sind die Musikerinnen und Musiker unserer Jugendkapelle:<\/strong><\/p>\n<\/div>\n<\/div>\n<\/div>\n<\/div>\n\n\n<div class=\"wp-block-columns is-layout-flex wp-container-core-columns-is-layout-9d6595d7 wp-block-columns-is-layout-flex\">\n<div class=\"wp-block-column is-layout-flow wp-block-column-is-layout-flow\">\n<p><strong>Querfl\u00f6te<\/strong><\/p>\n\n\n\n<figure class=\"wp-block-image size-large is-resized\"><a href=\"https:\/\/www.musikverein-stammheim.de\/start\/wp-content\/uploads\/2025\/05\/JK-Querfloeten-2025.jpg\"><img loading=\"lazy\" decoding=\"async\" width=\"1024\" height=\"819\" src=\"https:\/\/www.musikverein-stammheim.de\/start\/wp-content\/uploads\/2025\/05\/JK-Querfloeten-2025-1024x819.jpg\" alt=\"\" class=\"wp-image-8080\" style=\"width:308px;height:auto\" srcset=\"https:\/\/www.musikverein-stammheim.de\/start\/wp-content\/uploads\/2025\/05\/JK-Querfloeten-2025-1024x819.jpg 1024w, https:\/\/www.musikverein-stammheim.de\/start\/wp-content\/uploads\/2025\/05\/JK-Querfloeten-2025-300x240.jpg 300w, https:\/\/www.musikverein-stammheim.de\/start\/wp-content\/uploads\/2025\/05\/JK-Querfloeten-2025-768x614.jpg 768w, https:\/\/www.musikverein-stammheim.de\/start\/wp-content\/uploads\/2025\/05\/JK-Querfloeten-2025.jpg 1350w\" sizes=\"auto, (max-width: 1024px) 100vw, 1024px\" \/><\/a><figcaption class=\"wp-element-caption\">Maxi Wagner, Lisa Ast, Lene Link<\/figcaption><\/figure>\n<\/div>\n\n\n\n<div class=\"wp-block-column is-layout-flow wp-block-column-is-layout-flow\">\n<p><strong>Saxophon<\/strong><\/p>\n\n\n\n<figure class=\"wp-block-image size-large\"><a href=\"https:\/\/www.musikverein-stammheim.de\/start\/wp-content\/uploads\/2025\/05\/JK-Sax-2025.jpg\"><img loading=\"lazy\" decoding=\"async\" width=\"1024\" height=\"768\" src=\"https:\/\/www.musikverein-stammheim.de\/start\/wp-content\/uploads\/2025\/05\/JK-Sax-2025-1024x768.jpg\" alt=\"\" class=\"wp-image-8079\" srcset=\"https:\/\/www.musikverein-stammheim.de\/start\/wp-content\/uploads\/2025\/05\/JK-Sax-2025-1024x768.jpg 1024w, https:\/\/www.musikverein-stammheim.de\/start\/wp-content\/uploads\/2025\/05\/JK-Sax-2025-300x225.jpg 300w, https:\/\/www.musikverein-stammheim.de\/start\/wp-content\/uploads\/2025\/05\/JK-Sax-2025-768x576.jpg 768w, https:\/\/www.musikverein-stammheim.de\/start\/wp-content\/uploads\/2025\/05\/JK-Sax-2025.jpg 1440w\" sizes=\"auto, (max-width: 1024px) 100vw, 1024px\" \/><\/a><figcaption class=\"wp-element-caption\">Cedric Nickel, Leni St\u00f6lken, Jara R\u00f6lver, <br>Nicolas Unger, Marie Klar (nicht mehr aktiv)<\/figcaption><\/figure>\n<\/div>\n<\/div>\n\n\n\n<p class=\"has-text-align-left\"><strong>Trompete<\/strong><\/p>\n\n\n<div class=\"wp-block-image\">\n<figure class=\"aligncenter size-large is-resized\"><a href=\"https:\/\/www.musikverein-stammheim.de\/start\/wp-content\/uploads\/2025\/05\/JK-Trompeten-2025.jpg\"><img loading=\"lazy\" decoding=\"async\" width=\"1024\" height=\"768\" src=\"https:\/\/www.musikverein-stammheim.de\/start\/wp-content\/uploads\/2025\/05\/JK-Trompeten-2025-1024x768.jpg\" alt=\"\" class=\"wp-image-8077\" style=\"width:698px;height:auto\" srcset=\"https:\/\/www.musikverein-stammheim.de\/start\/wp-content\/uploads\/2025\/05\/JK-Trompeten-2025-1024x768.jpg 1024w, https:\/\/www.musikverein-stammheim.de\/start\/wp-content\/uploads\/2025\/05\/JK-Trompeten-2025-300x225.jpg 300w, https:\/\/www.musikverein-stammheim.de\/start\/wp-content\/uploads\/2025\/05\/JK-Trompeten-2025-768x576.jpg 768w, https:\/\/www.musikverein-stammheim.de\/start\/wp-content\/uploads\/2025\/05\/JK-Trompeten-2025.jpg 1440w\" sizes=\"auto, (max-width: 1024px) 100vw, 1024px\" \/><\/a><figcaption class=\"wp-element-caption\">Angelina Heiland, Jonathan Ast, Dominik M\u00fcller, Tim N\u00e4gele, Hannah Fetzer<\/figcaption><\/figure><\/div>\n\n\n<div class=\"wp-block-columns is-layout-flex wp-container-core-columns-is-layout-9d6595d7 wp-block-columns-is-layout-flex\">\n<div class=\"wp-block-column is-layout-flow wp-block-column-is-layout-flow\">\n<p><strong>Klarinette<\/strong><\/p>\n\n\n\n<figure class=\"wp-block-image size-large\"><a href=\"https:\/\/www.musikverein-stammheim.de\/start\/wp-content\/uploads\/2025\/05\/JK-Klarinetten-2025.jpg\"><img loading=\"lazy\" decoding=\"async\" width=\"810\" height=\"810\" src=\"https:\/\/www.musikverein-stammheim.de\/start\/wp-content\/uploads\/2025\/05\/JK-Klarinetten-2025-edited-2.jpg\" alt=\"\" class=\"wp-image-8090\" srcset=\"https:\/\/www.musikverein-stammheim.de\/start\/wp-content\/uploads\/2025\/05\/JK-Klarinetten-2025-edited-2.jpg 810w, https:\/\/www.musikverein-stammheim.de\/start\/wp-content\/uploads\/2025\/05\/JK-Klarinetten-2025-edited-2-300x300.jpg 300w, https:\/\/www.musikverein-stammheim.de\/start\/wp-content\/uploads\/2025\/05\/JK-Klarinetten-2025-edited-2-150x150.jpg 150w, https:\/\/www.musikverein-stammheim.de\/start\/wp-content\/uploads\/2025\/05\/JK-Klarinetten-2025-edited-2-768x768.jpg 768w\" sizes=\"auto, (max-width: 810px) 100vw, 810px\" \/><\/a><figcaption class=\"wp-element-caption\">Larissa Schmid, Olivia Rembold<\/figcaption><\/figure>\n<\/div>\n\n\n\n<div class=\"wp-block-column is-layout-flow wp-block-column-is-layout-flow\">\n<p><strong>Schlagzeug<\/strong><\/p>\n\n\n\n<figure class=\"wp-block-image size-large\"><a href=\"https:\/\/www.musikverein-stammheim.de\/start\/wp-content\/uploads\/2025\/05\/JK-Schlagzeuger-2025.jpg\"><img loading=\"lazy\" decoding=\"async\" width=\"1024\" height=\"1024\" src=\"https:\/\/www.musikverein-stammheim.de\/start\/wp-content\/uploads\/2025\/05\/JK-Schlagzeuger-2025-1024x1024.jpg\" alt=\"\" class=\"wp-image-8078\" srcset=\"https:\/\/www.musikverein-stammheim.de\/start\/wp-content\/uploads\/2025\/05\/JK-Schlagzeuger-2025-1024x1024.jpg 1024w, https:\/\/www.musikverein-stammheim.de\/start\/wp-content\/uploads\/2025\/05\/JK-Schlagzeuger-2025-300x300.jpg 300w, https:\/\/www.musikverein-stammheim.de\/start\/wp-content\/uploads\/2025\/05\/JK-Schlagzeuger-2025-150x150.jpg 150w, https:\/\/www.musikverein-stammheim.de\/start\/wp-content\/uploads\/2025\/05\/JK-Schlagzeuger-2025-768x768.jpg 768w, https:\/\/www.musikverein-stammheim.de\/start\/wp-content\/uploads\/2025\/05\/JK-Schlagzeuger-2025.jpg 1080w\" sizes=\"auto, (max-width: 1024px) 100vw, 1024px\" \/><\/a><figcaption class=\"wp-element-caption\">Maximilian Smykalla, Anna R\u00f6lver, Henri Scherer<br><\/figcaption><\/figure>\n<\/div>\n<\/div>\n\n\n\n<div class=\"wp-block-columns is-layout-flex wp-container-core-columns-is-layout-9d6595d7 wp-block-columns-is-layout-flex\">\n<div class=\"wp-block-column is-layout-flow wp-block-column-is-layout-flow\">\n<p><strong>Fagott, Horn &amp; Tiefes Blech<\/strong> <\/p>\n\n\n\n<figure class=\"wp-block-image size-large\"><a href=\"https:\/\/www.musikverein-stammheim.de\/start\/wp-content\/uploads\/2025\/05\/Tiefes-Blech-2025.jpg\"><img loading=\"lazy\" decoding=\"async\" width=\"1024\" height=\"768\" src=\"https:\/\/www.musikverein-stammheim.de\/start\/wp-content\/uploads\/2025\/05\/Tiefes-Blech-2025-1024x768.jpg\" alt=\"\" class=\"wp-image-8075\" srcset=\"https:\/\/www.musikverein-stammheim.de\/start\/wp-content\/uploads\/2025\/05\/Tiefes-Blech-2025-1024x768.jpg 1024w, https:\/\/www.musikverein-stammheim.de\/start\/wp-content\/uploads\/2025\/05\/Tiefes-Blech-2025-300x225.jpg 300w, https:\/\/www.musikverein-stammheim.de\/start\/wp-content\/uploads\/2025\/05\/Tiefes-Blech-2025-768x576.jpg 768w, https:\/\/www.musikverein-stammheim.de\/start\/wp-content\/uploads\/2025\/05\/Tiefes-Blech-2025.jpg 1440w\" sizes=\"auto, (max-width: 1024px) 100vw, 1024px\" \/><\/a><figcaption class=\"wp-element-caption\">Christian Ast, Alea L\u00f6wer (nicht mehr aktiv), Louis R\u00f6mer (nicht mehr aktiv), Paul Kuonath, Julius Reutter, Max R\u00f6lver, Emil Wagner<br>Nicht auf dem Bild: Jonathan Edel<\/figcaption><\/figure>\n\n\n\n<p><\/p>\n\n\n\n<p><\/p>\n<\/div>\n<\/div>\n\n\n\n<div class=\"wp-block-columns is-layout-flex wp-container-core-columns-is-layout-9d6595d7 wp-block-columns-is-layout-flex\">\n<div class=\"wp-block-column is-layout-flow wp-block-column-is-layout-flow\"><\/div>\n<\/div>\n","protected":false},"excerpt":{"rendered":"<p>Die Aufnahme in die Jugendkapelle ist der H\u00f6hepunkt der musikalischen Ausbildung der Jungmusikerinnen und -musiker. Sie bekommen ihre erste Tracht, lernen die Registerkolleginnen und -kollegen kennen und haben gro\u00dfe Auftritte, <a class=\"more-link\" href=\"https:\/\/www.musikverein-stammheim.de\/start\/orchester\/jugendkapelle\/\">Weiterlesen \u2192<\/a><\/p>\n","protected":false},"author":1,"featured_media":0,"parent":1488,"menu_order":0,"comment_status":"closed","ping_status":"closed","template":"","meta":{"footnotes":""},"class_list":["post-1499","page","type-page","status-publish","hentry"],"_links":{"self":[{"href":"https:\/\/www.musikverein-stammheim.de\/start\/wp-json\/wp\/v2\/pages\/1499","targetHints":{"allow":["GET"]}}],"collection":[{"href":"https:\/\/www.musikverein-stammheim.de\/start\/wp-json\/wp\/v2\/pages"}],"about":[{"href":"https:\/\/www.musikverein-stammheim.de\/start\/wp-json\/wp\/v2\/types\/page"}],"author":[{"embeddable":true,"href":"https:\/\/www.musikverein-stammheim.de\/start\/wp-json\/wp\/v2\/users\/1"}],"replies":[{"embeddable":true,"href":"https:\/\/www.musikverein-stammheim.de\/start\/wp-json\/wp\/v2\/comments?post=1499"}],"version-history":[{"count":46,"href":"https:\/\/www.musikverein-stammheim.de\/start\/wp-json\/wp\/v2\/pages\/1499\/revisions"}],"predecessor-version":[{"id":8444,"href":"https:\/\/www.musikverein-stammheim.de\/start\/wp-json\/wp\/v2\/pages\/1499\/revisions\/8444"}],"up":[{"embeddable":true,"href":"https:\/\/www.musikverein-stammheim.de\/start\/wp-json\/wp\/v2\/pages\/1488"}],"wp:attachment":[{"href":"https:\/\/www.musikverein-stammheim.de\/start\/wp-json\/wp\/v2\/media?parent=1499"}],"curies":[{"name":"wp","href":"https:\/\/api.w.org\/{rel}","templated":true}]}}