{"id":1516,"date":"2014-03-23T22:55:41","date_gmt":"2014-03-23T20:55:41","guid":{"rendered":"http:\/\/www.musikverein-stammheim.de\/start\/?page_id=1516"},"modified":"2025-08-13T17:09:15","modified_gmt":"2025-08-13T15:09:15","slug":"aktivitaeten","status":"publish","type":"page","link":"https:\/\/www.musikverein-stammheim.de\/start\/mv-jugend\/aktivitaeten\/","title":{"rendered":"Aktivit\u00e4ten"},"content":{"rendered":"\n<p>Der Musikverein Stammheim steht nicht nur f\u00fcr die Freude am gemeinsamen Musizieren, sondern auch f\u00fcr tolle Erlebnisse. Besonders in unserer Jugendableitung legt der Jugendausschuss gro\u00dfen Wert darauf, die Gemeinschaft der Musikerinnen und Musiker durch gro\u00dfe und kleine Aktivit\u00e4ten zu st\u00e4rken.<\/p>\n\n\n\n<p class=\"has-black-color has-text-color has-link-color wp-elements-dc8712f1a21cae0ef6993c624412a878\"><strong><mark style=\"background-color:rgba(0, 0, 0, 0)\" class=\"has-inline-color has-blue-color\">Zeltlager<\/mark><\/strong><br><mark style=\"background-color:rgba(0, 0, 0, 0)\" class=\"has-inline-color has-dark-gray-color\">Das gr\u00f6\u00dfte Highlight der Jugendabteilung ist das alle zwei Jahre stattfindende, einw\u00f6chige Zeltlager in der ersten Woche der Sommerferien. Dieses wird vom Jugendausschuss geplant und durchgef\u00fchrt. Verpflegt werden die Kinder durch die Unterst\u00fctzung einiger aktiven Musikerinnen und Musiker im K\u00fcchenteam. F\u00fcr \u00fcbersch\u00fcssiges Gep\u00e4ck wird ein Sprinter geladen und die Teilnehmerinnen und Teilnehmer fahren bei den Betreuerinnen und Betreuern mit. Die Zeltpl\u00e4tze sind meist etwa eine einst\u00fcndige Autofahrt entfernt und bieten in der N\u00e4he eine Badem\u00f6glichkeit. Beliebte Programmpunkte w\u00e4hrend des Zeltlagers sind das Indiaca- und Gaigel-Turnier sowie das Klopfer- und Gel\u00e4ndespiel. Au\u00dferdem gibt es eine Nachtwanderung, ein Lagerfeuer und viele weitere Spiele. Dabei darf aber auch die Freizeit nicht zu kurz kommen, damit die Teilnehmerinnen und Teilnehmer sich untereinander besser kennenlernen k\u00f6nnen. Die sch\u00f6nsten Vereinsanekdoten stammen schon immer aus den Zeltlagern.&nbsp;<\/mark><\/p>\n\n\n\n<figure class=\"wp-block-image size-large\"><a href=\"https:\/\/www.musikverein-stammheim.de\/start\/wp-content\/uploads\/2025\/08\/227a3924-6a37-4583-b7e9-165684c4dd8c-1-scaled.jpeg\"><img loading=\"lazy\" decoding=\"async\" width=\"1024\" height=\"577\" src=\"https:\/\/www.musikverein-stammheim.de\/start\/wp-content\/uploads\/2025\/08\/227a3924-6a37-4583-b7e9-165684c4dd8c-1-1024x577.jpeg\" alt=\"\" class=\"wp-image-8258\" srcset=\"https:\/\/www.musikverein-stammheim.de\/start\/wp-content\/uploads\/2025\/08\/227a3924-6a37-4583-b7e9-165684c4dd8c-1-1024x577.jpeg 1024w, https:\/\/www.musikverein-stammheim.de\/start\/wp-content\/uploads\/2025\/08\/227a3924-6a37-4583-b7e9-165684c4dd8c-1-300x169.jpeg 300w, https:\/\/www.musikverein-stammheim.de\/start\/wp-content\/uploads\/2025\/08\/227a3924-6a37-4583-b7e9-165684c4dd8c-1-768x432.jpeg 768w, https:\/\/www.musikverein-stammheim.de\/start\/wp-content\/uploads\/2025\/08\/227a3924-6a37-4583-b7e9-165684c4dd8c-1-1536x865.jpeg 1536w, https:\/\/www.musikverein-stammheim.de\/start\/wp-content\/uploads\/2025\/08\/227a3924-6a37-4583-b7e9-165684c4dd8c-1-2048x1153.jpeg 2048w\" sizes=\"auto, (max-width: 1024px) 100vw, 1024px\" \/><\/a><figcaption class=\"wp-element-caption\"><em>Zeltlager 2025<\/em><\/figcaption><\/figure>\n\n\n\n<p><strong><mark style=\"background-color:rgba(0, 0, 0, 0)\" class=\"has-inline-color has-blue-color\">Jugendausflug<\/mark><\/strong><br><mark style=\"background-color:rgba(0, 0, 0, 0)\" class=\"has-inline-color has-dark-gray-color\">Im j\u00e4hrlichen Wechsel zum Zeltlager findet am letzten Sommerferienwochenende der Jugendausflug statt. \u00dcber das Wochenende f\u00e4hrt die Jugendabteilung in eine Jugendherberge und unternimmt von dort aus mehrere Programmpunkte. Abends werden in der Unterkunft dann Spiele gespielt oder Geschichten von einem abwechslungsreichen Tag erz\u00e4hlt. Der Jugendausflug findet immer wieder auf im Rahmen einer Konzertreise statt, wie auf dem Bild bei einer Konzertreise nach Weida im Jahr 2022.<\/mark><\/p>\n\n\n\n<figure class=\"wp-block-image size-full is-resized\"><a href=\"https:\/\/www.musikverein-stammheim.de\/start\/wp-content\/uploads\/2024\/08\/8de5c085-cc9f-4c97-a01e-ae48d19aec4d-1-scaled.jpeg\"><img loading=\"lazy\" decoding=\"async\" width=\"2560\" height=\"1787\" src=\"https:\/\/www.musikverein-stammheim.de\/start\/wp-content\/uploads\/2024\/08\/8de5c085-cc9f-4c97-a01e-ae48d19aec4d-1-scaled.jpeg\" alt=\"\" class=\"wp-image-7642\" style=\"width:690px;height:auto\" srcset=\"https:\/\/www.musikverein-stammheim.de\/start\/wp-content\/uploads\/2024\/08\/8de5c085-cc9f-4c97-a01e-ae48d19aec4d-1-scaled.jpeg 2560w, https:\/\/www.musikverein-stammheim.de\/start\/wp-content\/uploads\/2024\/08\/8de5c085-cc9f-4c97-a01e-ae48d19aec4d-1-300x209.jpeg 300w, https:\/\/www.musikverein-stammheim.de\/start\/wp-content\/uploads\/2024\/08\/8de5c085-cc9f-4c97-a01e-ae48d19aec4d-1-1024x715.jpeg 1024w, https:\/\/www.musikverein-stammheim.de\/start\/wp-content\/uploads\/2024\/08\/8de5c085-cc9f-4c97-a01e-ae48d19aec4d-1-768x536.jpeg 768w, https:\/\/www.musikverein-stammheim.de\/start\/wp-content\/uploads\/2024\/08\/8de5c085-cc9f-4c97-a01e-ae48d19aec4d-1-1536x1072.jpeg 1536w, https:\/\/www.musikverein-stammheim.de\/start\/wp-content\/uploads\/2024\/08\/8de5c085-cc9f-4c97-a01e-ae48d19aec4d-1-2048x1430.jpeg 2048w\" sizes=\"auto, (max-width: 2560px) 100vw, 2560px\" \/><\/a><figcaption class=\"wp-element-caption\"><em>Titisee 2024<\/em><\/figcaption><\/figure>\n\n\n\n<p><strong><mark style=\"background-color:rgba(0, 0, 0, 0)\" class=\"has-inline-color has-blue-color\">Tagesausfl\u00fcge<\/mark><\/strong><br><mark style=\"background-color:rgba(0, 0, 0, 0)\" class=\"has-inline-color has-dark-gray-color\">\u00dcber das Jahr verteilt unternimmt die Jugendabteilung unterschiedliche, kleinere Tagesausfl\u00fcge, wie beispielsweise einen Badetag, einen Besuch im Klettergarten, zum Bowling oder zum Minigolfen.<\/mark><\/p>\n\n\n\n<figure class=\"wp-block-image size-large\"><a href=\"https:\/\/www.musikverein-stammheim.de\/start\/wp-content\/uploads\/2025\/02\/3D644876-CEA7-4A18-82A4-244C25E818F7.jpeg\"><img loading=\"lazy\" decoding=\"async\" width=\"1024\" height=\"862\" src=\"https:\/\/www.musikverein-stammheim.de\/start\/wp-content\/uploads\/2025\/02\/3D644876-CEA7-4A18-82A4-244C25E818F7-1024x862.jpeg\" alt=\"\" class=\"wp-image-7923\" srcset=\"https:\/\/www.musikverein-stammheim.de\/start\/wp-content\/uploads\/2025\/02\/3D644876-CEA7-4A18-82A4-244C25E818F7-1024x862.jpeg 1024w, https:\/\/www.musikverein-stammheim.de\/start\/wp-content\/uploads\/2025\/02\/3D644876-CEA7-4A18-82A4-244C25E818F7-300x253.jpeg 300w, https:\/\/www.musikverein-stammheim.de\/start\/wp-content\/uploads\/2025\/02\/3D644876-CEA7-4A18-82A4-244C25E818F7-768x647.jpeg 768w, https:\/\/www.musikverein-stammheim.de\/start\/wp-content\/uploads\/2025\/02\/3D644876-CEA7-4A18-82A4-244C25E818F7-1536x1293.jpeg 1536w, https:\/\/www.musikverein-stammheim.de\/start\/wp-content\/uploads\/2025\/02\/3D644876-CEA7-4A18-82A4-244C25E818F7.jpeg 2048w\" sizes=\"auto, (max-width: 1024px) 100vw, 1024px\" \/><\/a><figcaption class=\"wp-element-caption\"><em>Fu\u00dfballgolf 2024<\/em><\/figcaption><\/figure>\n\n\n\n<p><strong><mark style=\"background-color:rgba(0, 0, 0, 0)\" class=\"has-inline-color has-blue-color\">Freitagsaktionen<\/mark><\/strong><br><mark style=\"background-color:rgba(0, 0, 0, 0)\" class=\"has-inline-color has-dark-gray-color\">In unserem gro\u00dfen Vereinsheim haben die Musikerinnen und Musiker nach der Probe die M\u00f6glichkeit, gemeinsam Tischkicker oder Karten zu spielen. Und in regelm\u00e4\u00dfigen Abst\u00e4nden plant der Jugendausschuss sowohl f\u00fcr die Jugendkapelle als auch f\u00fcr die Jugendgruppe eine besondere Aktion, die sogenannt Freitagsaktion nach der Probe. Das ist beispielsweise&nbsp;ein gemeinsamer Filme- oder Wii-Abend, \u00dcbernachten im Vereinsheim oder ein Tischkicker-Turnier.<\/mark><\/p>\n\n\n\n<figure class=\"wp-block-image size-full\"><a href=\"https:\/\/www.musikverein-stammheim.de\/start\/wp-content\/uploads\/2024\/03\/Faschingsprobe-scaled.jpeg\"><img loading=\"lazy\" decoding=\"async\" width=\"2560\" height=\"1920\" src=\"https:\/\/www.musikverein-stammheim.de\/start\/wp-content\/uploads\/2024\/03\/Faschingsprobe-scaled.jpeg\" alt=\"\" class=\"wp-image-6878\" srcset=\"https:\/\/www.musikverein-stammheim.de\/start\/wp-content\/uploads\/2024\/03\/Faschingsprobe-scaled.jpeg 2560w, https:\/\/www.musikverein-stammheim.de\/start\/wp-content\/uploads\/2024\/03\/Faschingsprobe-300x225.jpeg 300w, https:\/\/www.musikverein-stammheim.de\/start\/wp-content\/uploads\/2024\/03\/Faschingsprobe-1024x768.jpeg 1024w, https:\/\/www.musikverein-stammheim.de\/start\/wp-content\/uploads\/2024\/03\/Faschingsprobe-768x576.jpeg 768w, https:\/\/www.musikverein-stammheim.de\/start\/wp-content\/uploads\/2024\/03\/Faschingsprobe-1536x1152.jpeg 1536w, https:\/\/www.musikverein-stammheim.de\/start\/wp-content\/uploads\/2024\/03\/Faschingsprobe-2048x1536.jpeg 2048w\" sizes=\"auto, (max-width: 2560px) 100vw, 2560px\" \/><\/a><figcaption class=\"wp-element-caption\"><em>Faschingsprobe<\/em><\/figcaption><\/figure>\n\n\n\n<div style=\"height:21px\" aria-hidden=\"true\" class=\"wp-block-spacer\"><\/div>\n\n\n\n<p><mark style=\"background-color:rgba(0, 0, 0, 0)\" class=\"has-inline-color has-dark-gray-color\">F\u00fcr weitere Eindr\u00fccke einfach den unterstehenden QR-Code scannen und unseren Jugendfilm anschauen. Bereits \u00fcberzeugt? Dann ebenfalls den passenden QR-Code scannen und anschlie\u00dfend das Onlineformular ausf\u00fcllen. Wir freuen uns auf EUCH!<\/mark><\/p>\n\n\n<p><a href=\"https:\/\/www.musikverein-stammheim.de\/start\/mv-jugend\/neuanfaenger\/attachment\/flyer_mv_stammheim_jugend_rueckseite\/#main\"><br \/><img loading=\"lazy\" decoding=\"async\" class=\"alignleft wp-image-5832 size-large\" src=\"https:\/\/www.musikverein-stammheim.de\/start\/wp-content\/uploads\/2019\/10\/Flyer_MV_Stammheim_Jugend_R\u00fcckseite-1024x726.jpg\" alt=\"\" width=\"690\" height=\"489\" srcset=\"https:\/\/www.musikverein-stammheim.de\/start\/wp-content\/uploads\/2019\/10\/Flyer_MV_Stammheim_Jugend_R\u00fcckseite-1024x726.jpg 1024w, https:\/\/www.musikverein-stammheim.de\/start\/wp-content\/uploads\/2019\/10\/Flyer_MV_Stammheim_Jugend_R\u00fcckseite-300x213.jpg 300w, https:\/\/www.musikverein-stammheim.de\/start\/wp-content\/uploads\/2019\/10\/Flyer_MV_Stammheim_Jugend_R\u00fcckseite-768x544.jpg 768w, https:\/\/www.musikverein-stammheim.de\/start\/wp-content\/uploads\/2019\/10\/Flyer_MV_Stammheim_Jugend_R\u00fcckseite.jpg 1765w\" sizes=\"auto, (max-width: 690px) 100vw, 690px\" \/><\/a><\/p>","protected":false},"excerpt":{"rendered":"<p>Der Musikverein Stammheim steht nicht nur f\u00fcr die Freude am gemeinsamen Musizieren, sondern auch f\u00fcr tolle Erlebnisse. Besonders in unserer Jugendableitung legt der Jugendausschuss gro\u00dfen Wert darauf, die Gemeinschaft der <a class=\"more-link\" href=\"https:\/\/www.musikverein-stammheim.de\/start\/mv-jugend\/aktivitaeten\/\">Weiterlesen \u2192<\/a><\/p>\n","protected":false},"author":1,"featured_media":0,"parent":1514,"menu_order":0,"comment_status":"closed","ping_status":"closed","template":"","meta":{"footnotes":""},"class_list":["post-1516","page","type-page","status-publish","hentry"],"_links":{"self":[{"href":"https:\/\/www.musikverein-stammheim.de\/start\/wp-json\/wp\/v2\/pages\/1516","targetHints":{"allow":["GET"]}}],"collection":[{"href":"https:\/\/www.musikverein-stammheim.de\/start\/wp-json\/wp\/v2\/pages"}],"about":[{"href":"https:\/\/www.musikverein-stammheim.de\/start\/wp-json\/wp\/v2\/types\/page"}],"author":[{"embeddable":true,"href":"https:\/\/www.musikverein-stammheim.de\/start\/wp-json\/wp\/v2\/users\/1"}],"replies":[{"embeddable":true,"href":"https:\/\/www.musikverein-stammheim.de\/start\/wp-json\/wp\/v2\/comments?post=1516"}],"version-history":[{"count":21,"href":"https:\/\/www.musikverein-stammheim.de\/start\/wp-json\/wp\/v2\/pages\/1516\/revisions"}],"predecessor-version":[{"id":8324,"href":"https:\/\/www.musikverein-stammheim.de\/start\/wp-json\/wp\/v2\/pages\/1516\/revisions\/8324"}],"up":[{"embeddable":true,"href":"https:\/\/www.musikverein-stammheim.de\/start\/wp-json\/wp\/v2\/pages\/1514"}],"wp:attachment":[{"href":"https:\/\/www.musikverein-stammheim.de\/start\/wp-json\/wp\/v2\/media?parent=1516"}],"curies":[{"name":"wp","href":"https:\/\/api.w.org\/{rel}","templated":true}]}}