{"id":1522,"date":"2014-03-23T22:59:02","date_gmt":"2014-03-23T20:59:02","guid":{"rendered":"http:\/\/www.musikverein-stammheim.de\/start\/?page_id=1522"},"modified":"2025-07-28T15:42:14","modified_gmt":"2025-07-28T13:42:14","slug":"jugendausschuss","status":"publish","type":"page","link":"https:\/\/www.musikverein-stammheim.de\/start\/mv-jugend\/jugendausschuss\/","title":{"rendered":"Jugendausschuss"},"content":{"rendered":"\n<p>Der Jugendausschuss organisiert und koordiniert alle Aktivit\u00e4ten der Vereinsjugend. Aktuell k\u00fcmmern sich insgesamt 10 Mitglieder um Ausfl\u00fcge, Freitagsaktionen oder das Zeltlager sowie um musikalische Veranstaltungen wie den Schnupperabend, das Jugend-Matinee oder die Veranstaltung Christmas Stories. Aber auch bei Fragen zur musikalischen Ausbildung, dem Einzelunterricht, Lehrg\u00e4ngen und vielem mehr, steht der Jugendausschuss mit Rat und Tat den Eltern sowie Musikerinnen und Musikern zur Seite. Unterst\u00fctzt wird die Jugendarbeit vom <a href=\"https:\/\/www.musikverein-stammheim.de\/start\/ueber-uns\/vorstandschaft\/\" data-type=\"URL\" data-id=\"https:\/\/www.musikverein-stammheim.de\/start\/ueber-uns\/vorstandschaft\/\">Ausschuss der Aktiven<\/a>.<\/p>\n\n\n\n<div class=\"wp-block-columns is-layout-flex wp-container-core-columns-is-layout-9d6595d7 wp-block-columns-is-layout-flex\">\n<div class=\"wp-block-column is-layout-flow wp-block-column-is-layout-flow\">\n<p><strong>Jugendleiterin<a href=\"https:\/\/www.musikverein-stammheim.de\/start\/ueber-uns\/kontakt\/\"> Mail<\/a><\/strong><br>Laura Andrae<\/p>\n<\/div>\n\n\n\n<div class=\"wp-block-column is-layout-flow wp-block-column-is-layout-flow\">\n<p><strong>Stellvertretender Jugendleiter<\/strong><br>Arian Furthm\u00fcller<\/p>\n<\/div>\n<\/div>\n\n\n\n<div class=\"wp-block-columns is-layout-flex wp-container-core-columns-is-layout-9d6595d7 wp-block-columns-is-layout-flex\">\n<div class=\"wp-block-column is-layout-flow wp-block-column-is-layout-flow\">\n<p><strong>Jugendbetreuerin<\/strong><br>Hannah Fetzer<\/p>\n<\/div>\n\n\n\n<div class=\"wp-block-column is-layout-flow wp-block-column-is-layout-flow\">\n<p><strong>Schriftf\u00fchrerin<\/strong><br>Leni St\u00f6lken<\/p>\n<\/div>\n<\/div>\n\n\n\n<div class=\"wp-block-columns is-layout-flex wp-container-core-columns-is-layout-9d6595d7 wp-block-columns-is-layout-flex\">\n<div class=\"wp-block-column is-layout-flow wp-block-column-is-layout-flow\">\n<p><strong>Musikalische Leitung<\/strong><br>Timo Klumpp (Jugendkapelle) <a href=\"https:\/\/www.musikverein-stammheim.de\/start\/ueber-uns\/kontakt\/\"><strong>Mail<\/strong><\/a><br>Laura Andrae (Jugendgruppe) <br>Larissa Schmid (Neuanf\u00e4ngergruppe)<\/p>\n<\/div>\n\n\n\n<div class=\"wp-block-column is-layout-flow wp-block-column-is-layout-flow\">\n<p><\/p>\n<\/div>\n<\/div>\n\n\n\n<div class=\"wp-block-columns is-layout-flex wp-container-core-columns-is-layout-9d6595d7 wp-block-columns-is-layout-flex\">\n<div class=\"wp-block-column is-layout-flow wp-block-column-is-layout-flow\">\n<p><strong>Beisitzerinnen und Beisitzer<\/strong><br>Jonathan Edel<br>Cedric Nickel<br>Julius Reutter<br>Larissa Schmid<br><br><\/p>\n<\/div>\n\n\n\n<div class=\"wp-block-column is-layout-flow wp-block-column-is-layout-flow\">\n<p><strong>Beisitzerin unter 17<\/strong><br>Jara R\u00f6lver<\/p>\n<\/div>\n<\/div>\n\n\n\n<figure class=\"wp-block-image size-large\"><a href=\"https:\/\/www.musikverein-stammheim.de\/start\/wp-content\/uploads\/2025\/05\/Jugendausschuss-2025.jpg\"><img loading=\"lazy\" decoding=\"async\" width=\"1024\" height=\"683\" src=\"https:\/\/www.musikverein-stammheim.de\/start\/wp-content\/uploads\/2025\/05\/Jugendausschuss-2025-1024x683.jpg\" alt=\"\" class=\"wp-image-8076\" srcset=\"https:\/\/www.musikverein-stammheim.de\/start\/wp-content\/uploads\/2025\/05\/Jugendausschuss-2025-1024x683.jpg 1024w, https:\/\/www.musikverein-stammheim.de\/start\/wp-content\/uploads\/2025\/05\/Jugendausschuss-2025-300x200.jpg 300w, https:\/\/www.musikverein-stammheim.de\/start\/wp-content\/uploads\/2025\/05\/Jugendausschuss-2025-768x512.jpg 768w, https:\/\/www.musikverein-stammheim.de\/start\/wp-content\/uploads\/2025\/05\/Jugendausschuss-2025-1536x1024.jpg 1536w, https:\/\/www.musikverein-stammheim.de\/start\/wp-content\/uploads\/2025\/05\/Jugendausschuss-2025-390x261.jpg 390w, https:\/\/www.musikverein-stammheim.de\/start\/wp-content\/uploads\/2025\/05\/Jugendausschuss-2025.jpg 1620w\" sizes=\"auto, (max-width: 1024px) 100vw, 1024px\" \/><\/a><figcaption class=\"wp-element-caption\"><strong>Jugendausschuss<\/strong><br>V.l.: Timo Klumpp, Arian Furthm\u00fcller, Laura Andrae, Leni St\u00f6lken, Jara R\u00f6lver, Cedric Nickel, Larissa Schmid, Jonathan Edel, Julius Reutter, Hannah Fetzer<\/figcaption><\/figure>\n\n\n\n<p><\/p>\n","protected":false},"excerpt":{"rendered":"<p>Der Jugendausschuss organisiert und koordiniert alle Aktivit\u00e4ten der Vereinsjugend. Aktuell k\u00fcmmern sich insgesamt 10 Mitglieder um Ausfl\u00fcge, Freitagsaktionen oder das Zeltlager sowie um musikalische Veranstaltungen wie den Schnupperabend, das Jugend-Matinee <a class=\"more-link\" href=\"https:\/\/www.musikverein-stammheim.de\/start\/mv-jugend\/jugendausschuss\/\">Weiterlesen \u2192<\/a><\/p>\n","protected":false},"author":1,"featured_media":0,"parent":1514,"menu_order":0,"comment_status":"closed","ping_status":"closed","template":"","meta":{"footnotes":""},"class_list":["post-1522","page","type-page","status-publish","hentry"],"_links":{"self":[{"href":"https:\/\/www.musikverein-stammheim.de\/start\/wp-json\/wp\/v2\/pages\/1522","targetHints":{"allow":["GET"]}}],"collection":[{"href":"https:\/\/www.musikverein-stammheim.de\/start\/wp-json\/wp\/v2\/pages"}],"about":[{"href":"https:\/\/www.musikverein-stammheim.de\/start\/wp-json\/wp\/v2\/types\/page"}],"author":[{"embeddable":true,"href":"https:\/\/www.musikverein-stammheim.de\/start\/wp-json\/wp\/v2\/users\/1"}],"replies":[{"embeddable":true,"href":"https:\/\/www.musikverein-stammheim.de\/start\/wp-json\/wp\/v2\/comments?post=1522"}],"version-history":[{"count":38,"href":"https:\/\/www.musikverein-stammheim.de\/start\/wp-json\/wp\/v2\/pages\/1522\/revisions"}],"predecessor-version":[{"id":8190,"href":"https:\/\/www.musikverein-stammheim.de\/start\/wp-json\/wp\/v2\/pages\/1522\/revisions\/8190"}],"up":[{"embeddable":true,"href":"https:\/\/www.musikverein-stammheim.de\/start\/wp-json\/wp\/v2\/pages\/1514"}],"wp:attachment":[{"href":"https:\/\/www.musikverein-stammheim.de\/start\/wp-json\/wp\/v2\/media?parent=1522"}],"curies":[{"name":"wp","href":"https:\/\/api.w.org\/{rel}","templated":true}]}}