{"id":1764,"date":"2014-03-28T16:02:26","date_gmt":"2014-03-28T14:02:26","guid":{"rendered":"http:\/\/www.musikverein-stammheim.de\/start\/?page_id=1764"},"modified":"2024-12-11T16:21:42","modified_gmt":"2024-12-11T14:21:42","slug":"mitglied-werden","status":"publish","type":"page","link":"https:\/\/www.musikverein-stammheim.de\/start\/mitglied-werden\/","title":{"rendered":"Mitglied werden"},"content":{"rendered":"<p><a title=\"Aktives Mitglied werden!\" href=\"https:\/\/www.musikverein-stammheim.de\/start\/mitglied-werden\/mitglied-werden\/\">Aktives Mitglied werden<\/a><br \/>\n<a title=\"F\u00f6rderndes Mitglied werden!\" href=\"https:\/\/www.musikverein-stammheim.de\/start\/mitglied-werden\/foerderndes-mitglied-werden\/\">F\u00f6rderndes Mitglied werden<\/a><br \/>\n<a title=\"Anmeldeformular f\u00fcr jugendliche!\" href=\"https:\/\/www.musikverein-stammheim.de\/start\/mitglied-werden\/mitglied-werden-2\/anmeldeformulaur-fuer-jugendliche\/\">Anmeldeformular f\u00fcr Jugendliche<\/a><br \/>\n<a title=\"Anmeldeformular f\u00fcr musikalische Fr\u00fcherziehung!\" href=\"https:\/\/www.musikverein-stammheim.de\/start\/?page_id=6176\">Anmeldeformular f\u00fcr musikalische Fr\u00fcherziehung<\/a><\/p>\n","protected":false},"excerpt":{"rendered":"<p>Aktives Mitglied werden F\u00f6rderndes Mitglied werden Anmeldeformular f\u00fcr Jugendliche Anmeldeformular f\u00fcr musikalische Fr\u00fcherziehung<\/p>\n","protected":false},"author":1,"featured_media":0,"parent":0,"menu_order":0,"comment_status":"closed","ping_status":"closed","template":"","meta":{"footnotes":""},"class_list":["post-1764","page","type-page","status-publish","hentry"],"_links":{"self":[{"href":"https:\/\/www.musikverein-stammheim.de\/start\/wp-json\/wp\/v2\/pages\/1764","targetHints":{"allow":["GET"]}}],"collection":[{"href":"https:\/\/www.musikverein-stammheim.de\/start\/wp-json\/wp\/v2\/pages"}],"about":[{"href":"https:\/\/www.musikverein-stammheim.de\/start\/wp-json\/wp\/v2\/types\/page"}],"author":[{"embeddable":true,"href":"https:\/\/www.musikverein-stammheim.de\/start\/wp-json\/wp\/v2\/users\/1"}],"replies":[{"embeddable":true,"href":"https:\/\/www.musikverein-stammheim.de\/start\/wp-json\/wp\/v2\/comments?post=1764"}],"version-history":[{"count":10,"href":"https:\/\/www.musikverein-stammheim.de\/start\/wp-json\/wp\/v2\/pages\/1764\/revisions"}],"predecessor-version":[{"id":7788,"href":"https:\/\/www.musikverein-stammheim.de\/start\/wp-json\/wp\/v2\/pages\/1764\/revisions\/7788"}],"wp:attachment":[{"href":"https:\/\/www.musikverein-stammheim.de\/start\/wp-json\/wp\/v2\/media?parent=1764"}],"curies":[{"name":"wp","href":"https:\/\/api.w.org\/{rel}","templated":true}]}}