{"id":2555,"date":"2014-09-07T22:14:18","date_gmt":"2014-09-07T20:14:18","guid":{"rendered":"http:\/\/www.musikverein-stammheim.de\/start\/?page_id=2555"},"modified":"2024-03-22T13:06:29","modified_gmt":"2024-03-22T11:06:29","slug":"mvs-international","status":"publish","type":"page","link":"https:\/\/www.musikverein-stammheim.de\/start\/ueber-uns\/mvs-international\/","title":{"rendered":"MVS international"},"content":{"rendered":"\n<p>Im Verlauf der letzten 30 Jahre unternahm der Musikverein Stammheim\u00a0zahlreiche Reisen ins Ausland.\u00a0 Diese f\u00fchrten die Musikerinnen und Musiker sowohl durch benachbarte europ\u00e4ische L\u00e4nder als auch ins ferne Afrika und Asien. \u00dcberall konnten neue, sch\u00f6ne und kulturelle Eindr\u00fccke gesammelt und neue Zuh\u00f6rerinnen und Zuh\u00f6rer gewonnen werden.<\/p>\n\n\n<div id=\"attachment_2559\" style=\"width: 623px\" class=\"wp-caption aligncenter\"><a href=\"https:\/\/www.musikverein-stammheim.de\/start\/wp-content\/uploads\/2014\/09\/Bildschirmfoto-2014-07-09-um-15.40.45.jpg\"><img loading=\"lazy\" decoding=\"async\" aria-describedby=\"caption-attachment-2559\" class=\"wp-image-2559 size-full\" src=\"https:\/\/www.musikverein-stammheim.de\/start\/wp-content\/uploads\/2014\/09\/Bildschirmfoto-2014-07-09-um-15.40.45.jpg\" alt=\"Bildschirmfoto 2014-07-09 um 15.40.45\" width=\"613\" height=\"369\" srcset=\"https:\/\/www.musikverein-stammheim.de\/start\/wp-content\/uploads\/2014\/09\/Bildschirmfoto-2014-07-09-um-15.40.45.jpg 613w, https:\/\/www.musikverein-stammheim.de\/start\/wp-content\/uploads\/2014\/09\/Bildschirmfoto-2014-07-09-um-15.40.45-300x180.jpg 300w\" sizes=\"auto, (max-width: 613px) 100vw, 613px\" \/><\/a><p id=\"caption-attachment-2559\" class=\"wp-caption-text\">London\/England 1982<\/p><\/div>\n<p>\u00a0<\/p>\n<div id=\"attachment_2560\" style=\"width: 622px\" class=\"wp-caption aligncenter\"><a href=\"https:\/\/www.musikverein-stammheim.de\/start\/wp-content\/uploads\/2014\/09\/Bildschirmfoto-2014-07-09-um-15.45.26.jpg\"><img loading=\"lazy\" decoding=\"async\" aria-describedby=\"caption-attachment-2560\" class=\"wp-image-2560 size-full\" src=\"https:\/\/www.musikverein-stammheim.de\/start\/wp-content\/uploads\/2014\/09\/Bildschirmfoto-2014-07-09-um-15.45.26.jpg\" alt=\"Bildschirmfoto 2014-07-09 um 15.45.26\" width=\"612\" height=\"370\" srcset=\"https:\/\/www.musikverein-stammheim.de\/start\/wp-content\/uploads\/2014\/09\/Bildschirmfoto-2014-07-09-um-15.45.26.jpg 612w, https:\/\/www.musikverein-stammheim.de\/start\/wp-content\/uploads\/2014\/09\/Bildschirmfoto-2014-07-09-um-15.45.26-300x181.jpg 300w\" sizes=\"auto, (max-width: 612px) 100vw, 612px\" \/><\/a><p id=\"caption-attachment-2560\" class=\"wp-caption-text\">Br\u00fcnn\/Tschechoslovakei 1986<\/p><\/div>\n<p>\u00a0<\/p>\n<div id=\"attachment_2565\" style=\"width: 623px\" class=\"wp-caption aligncenter\"><a href=\"https:\/\/www.musikverein-stammheim.de\/start\/wp-content\/uploads\/2014\/09\/Scan10134.jpg\"><img loading=\"lazy\" decoding=\"async\" aria-describedby=\"caption-attachment-2565\" class=\"wp-image-2565 size-full\" src=\"https:\/\/www.musikverein-stammheim.de\/start\/wp-content\/uploads\/2014\/09\/Scan10134.jpg\" alt=\"Scan10134\" width=\"613\" height=\"369\" srcset=\"https:\/\/www.musikverein-stammheim.de\/start\/wp-content\/uploads\/2014\/09\/Scan10134.jpg 613w, https:\/\/www.musikverein-stammheim.de\/start\/wp-content\/uploads\/2014\/09\/Scan10134-300x180.jpg 300w\" sizes=\"auto, (max-width: 613px) 100vw, 613px\" \/><\/a><p id=\"caption-attachment-2565\" class=\"wp-caption-text\">Calella\/Spanien 1992<\/p><\/div>\n<p>\u00a0<\/p>\n<div id=\"attachment_2561\" style=\"width: 623px\" class=\"wp-caption aligncenter\"><a href=\"https:\/\/www.musikverein-stammheim.de\/start\/wp-content\/uploads\/2014\/09\/Bildschirmfoto-2014-07-09-um-15.47.00.jpg\"><img loading=\"lazy\" decoding=\"async\" aria-describedby=\"caption-attachment-2561\" class=\"wp-image-2561 size-full\" src=\"https:\/\/www.musikverein-stammheim.de\/start\/wp-content\/uploads\/2014\/09\/Bildschirmfoto-2014-07-09-um-15.47.00.jpg\" alt=\"Bildschirmfoto 2014-07-09 um 15.47.00\" width=\"613\" height=\"369\" srcset=\"https:\/\/www.musikverein-stammheim.de\/start\/wp-content\/uploads\/2014\/09\/Bildschirmfoto-2014-07-09-um-15.47.00.jpg 613w, https:\/\/www.musikverein-stammheim.de\/start\/wp-content\/uploads\/2014\/09\/Bildschirmfoto-2014-07-09-um-15.47.00-300x180.jpg 300w\" sizes=\"auto, (max-width: 613px) 100vw, 613px\" \/><\/a><p id=\"caption-attachment-2561\" class=\"wp-caption-text\">Kapstadt\/S\u00fcdafrika 1996<\/p><\/div>\n<p>\u00a0<\/p>\n<div id=\"attachment_2576\" style=\"width: 623px\" class=\"wp-caption aligncenter\"><a href=\"https:\/\/www.musikverein-stammheim.de\/start\/wp-content\/uploads\/2014\/09\/Maure.jpg\"><img loading=\"lazy\" decoding=\"async\" aria-describedby=\"caption-attachment-2576\" class=\"wp-image-2576 size-full\" src=\"https:\/\/www.musikverein-stammheim.de\/start\/wp-content\/uploads\/2014\/09\/Maure.jpg\" alt=\"Maure\" width=\"613\" height=\"369\" srcset=\"https:\/\/www.musikverein-stammheim.de\/start\/wp-content\/uploads\/2014\/09\/Maure.jpg 613w, https:\/\/www.musikverein-stammheim.de\/start\/wp-content\/uploads\/2014\/09\/Maure-300x180.jpg 300w\" sizes=\"auto, (max-width: 613px) 100vw, 613px\" \/><\/a><p id=\"caption-attachment-2576\" class=\"wp-caption-text\">Mauretanien 2003<\/p><\/div>\n<p>\u00a0<\/p>\n<div id=\"attachment_2564\" style=\"width: 621px\" class=\"wp-caption aligncenter\"><a href=\"https:\/\/www.musikverein-stammheim.de\/start\/wp-content\/uploads\/2014\/09\/moskau1.jpg\"><img loading=\"lazy\" decoding=\"async\" aria-describedby=\"caption-attachment-2564\" class=\"wp-image-2564 size-full\" src=\"https:\/\/www.musikverein-stammheim.de\/start\/wp-content\/uploads\/2014\/09\/moskau1.jpg\" alt=\"moskau\" width=\"611\" height=\"369\" srcset=\"https:\/\/www.musikverein-stammheim.de\/start\/wp-content\/uploads\/2014\/09\/moskau1.jpg 611w, https:\/\/www.musikverein-stammheim.de\/start\/wp-content\/uploads\/2014\/09\/moskau1-300x181.jpg 300w\" sizes=\"auto, (max-width: 611px) 100vw, 611px\" \/><\/a><p id=\"caption-attachment-2564\" class=\"wp-caption-text\">Moskau\/Russland 2004<\/p><\/div>\n<p>\u00a0<\/p>\n<div id=\"attachment_2562\" style=\"width: 623px\" class=\"wp-caption aligncenter\"><a href=\"https:\/\/www.musikverein-stammheim.de\/start\/wp-content\/uploads\/2014\/09\/CIMG0863-Kopie.jpg\"><img loading=\"lazy\" decoding=\"async\" aria-describedby=\"caption-attachment-2562\" class=\"wp-image-2562 size-full\" src=\"https:\/\/www.musikverein-stammheim.de\/start\/wp-content\/uploads\/2014\/09\/CIMG0863-Kopie.jpg\" alt=\"CIMG0863 Kopie\" width=\"613\" height=\"369\" srcset=\"https:\/\/www.musikverein-stammheim.de\/start\/wp-content\/uploads\/2014\/09\/CIMG0863-Kopie.jpg 613w, https:\/\/www.musikverein-stammheim.de\/start\/wp-content\/uploads\/2014\/09\/CIMG0863-Kopie-300x180.jpg 300w\" sizes=\"auto, (max-width: 613px) 100vw, 613px\" \/><\/a><p id=\"caption-attachment-2562\" class=\"wp-caption-text\">Mauretanien 2008<\/p><\/div>\n<p>\u00a0<\/p>\n<div id=\"attachment_2563\" style=\"width: 623px\" class=\"wp-caption aligncenter\"><a href=\"https:\/\/www.musikverein-stammheim.de\/start\/wp-content\/uploads\/2014\/09\/DSC09789-Kopie.jpg\"><img loading=\"lazy\" decoding=\"async\" aria-describedby=\"caption-attachment-2563\" class=\"wp-image-2563 size-full\" src=\"https:\/\/www.musikverein-stammheim.de\/start\/wp-content\/uploads\/2014\/09\/DSC09789-Kopie.jpg\" alt=\"SONY DSC\" width=\"613\" height=\"369\" srcset=\"https:\/\/www.musikverein-stammheim.de\/start\/wp-content\/uploads\/2014\/09\/DSC09789-Kopie.jpg 613w, https:\/\/www.musikverein-stammheim.de\/start\/wp-content\/uploads\/2014\/09\/DSC09789-Kopie-300x180.jpg 300w\" sizes=\"auto, (max-width: 613px) 100vw, 613px\" \/><\/a><p id=\"caption-attachment-2563\" class=\"wp-caption-text\">Hongkong 2011<\/p><\/div>\n<p>\u00a0<\/p>\n<div id=\"attachment_2649\" style=\"width: 621px\" class=\"wp-caption aligncenter\"><a href=\"https:\/\/www.musikverein-stammheim.de\/start\/wp-content\/uploads\/2014\/09\/TO-Kreta-2013-2512.jpg\"><img loading=\"lazy\" decoding=\"async\" aria-describedby=\"caption-attachment-2649\" class=\"wp-image-2649 size-full\" src=\"https:\/\/www.musikverein-stammheim.de\/start\/wp-content\/uploads\/2014\/09\/TO-Kreta-2013-2512.jpg\" alt=\"TO Kreta 2013 (2512)\" width=\"611\" height=\"407\" srcset=\"https:\/\/www.musikverein-stammheim.de\/start\/wp-content\/uploads\/2014\/09\/TO-Kreta-2013-2512.jpg 611w, https:\/\/www.musikverein-stammheim.de\/start\/wp-content\/uploads\/2014\/09\/TO-Kreta-2013-2512-300x199.jpg 300w, https:\/\/www.musikverein-stammheim.de\/start\/wp-content\/uploads\/2014\/09\/TO-Kreta-2013-2512-390x261.jpg 390w\" sizes=\"auto, (max-width: 611px) 100vw, 611px\" \/><\/a><p id=\"caption-attachment-2649\" class=\"wp-caption-text\">Kreta\/Griechenland (Tanzorchester) 2013<\/p><\/div>\n<p>\u00a0<\/p>\n<div id=\"attachment_332\" style=\"width: 700px\" class=\"wp-caption alignnone\"><img loading=\"lazy\" decoding=\"async\" aria-describedby=\"caption-attachment-332\" class=\"wp-image-332 size-large\" src=\"https:\/\/www.musikverein-stammheim.de\/start\/wp-content\/uploads\/2014\/03\/DSC08979-1024x682.jpg\" alt=\"SONY DSC\" width=\"690\" height=\"459\" \/><p id=\"caption-attachment-332\" class=\"wp-caption-text\">Alschwil\/Schweiz 2013<\/p><\/div>\n<p>\u00a0<\/p>\n<div id=\"attachment_3424\" style=\"width: 970px\" class=\"wp-caption alignnone\"><img loading=\"lazy\" decoding=\"async\" aria-describedby=\"caption-attachment-3424\" class=\"wp-image-3424 size-full\" src=\"https:\/\/www.musikverein-stammheim.de\/start\/wp-content\/uploads\/2015\/11\/image10.jpeg\" alt=\"image\" width=\"960\" height=\"720\" srcset=\"https:\/\/www.musikverein-stammheim.de\/start\/wp-content\/uploads\/2015\/11\/image10.jpeg 960w, https:\/\/www.musikverein-stammheim.de\/start\/wp-content\/uploads\/2015\/11\/image10-300x225.jpeg 300w\" sizes=\"auto, (max-width: 960px) 100vw, 960px\" \/><p id=\"caption-attachment-3424\" class=\"wp-caption-text\">Paraguay 2015<\/p><\/div>\n<p>\u00a0<\/p>\n<div id=\"attachment_5803\" style=\"width: 700px\" class=\"wp-caption alignnone\"><img loading=\"lazy\" decoding=\"async\" aria-describedby=\"caption-attachment-5803\" class=\"wp-image-5803 size-large\" src=\"https:\/\/www.musikverein-stammheim.de\/start\/wp-content\/uploads\/2019\/09\/69886245_2312681262113161_8023355485702848512_o-1024x576.jpg\" alt=\"\" width=\"690\" height=\"388\" srcset=\"https:\/\/www.musikverein-stammheim.de\/start\/wp-content\/uploads\/2019\/09\/69886245_2312681262113161_8023355485702848512_o-1024x576.jpg 1024w, https:\/\/www.musikverein-stammheim.de\/start\/wp-content\/uploads\/2019\/09\/69886245_2312681262113161_8023355485702848512_o-300x169.jpg 300w, https:\/\/www.musikverein-stammheim.de\/start\/wp-content\/uploads\/2019\/09\/69886245_2312681262113161_8023355485702848512_o-768x432.jpg 768w, https:\/\/www.musikverein-stammheim.de\/start\/wp-content\/uploads\/2019\/09\/69886245_2312681262113161_8023355485702848512_o.jpg 1280w\" sizes=\"auto, (max-width: 690px) 100vw, 690px\" \/><p id=\"caption-attachment-5803\" class=\"wp-caption-text\">China 2019<\/p><\/div>\n<p>\u00a0<\/p>\n<p>Au\u00dferdem unternahm der Musikverein Stammheim auch noch Reisen nach Ennetb\u00fcrgen, Matt (Schweiz), Soesterberg (Niederlande) und Reischach (S\u00fcdtirol).<\/p>","protected":false},"excerpt":{"rendered":"<p>Im Verlauf der letzten 30 Jahre unternahm der Musikverein Stammheim\u00a0zahlreiche Reisen ins Ausland.\u00a0 Diese f\u00fchrten die Musikerinnen und Musiker sowohl durch benachbarte europ\u00e4ische L\u00e4nder als auch ins ferne Afrika und <a class=\"more-link\" href=\"https:\/\/www.musikverein-stammheim.de\/start\/ueber-uns\/mvs-international\/\">Weiterlesen \u2192<\/a><\/p>\n","protected":false},"author":1,"featured_media":0,"parent":1405,"menu_order":0,"comment_status":"closed","ping_status":"closed","template":"","meta":{"footnotes":""},"class_list":["post-2555","page","type-page","status-publish","hentry"],"_links":{"self":[{"href":"https:\/\/www.musikverein-stammheim.de\/start\/wp-json\/wp\/v2\/pages\/2555","targetHints":{"allow":["GET"]}}],"collection":[{"href":"https:\/\/www.musikverein-stammheim.de\/start\/wp-json\/wp\/v2\/pages"}],"about":[{"href":"https:\/\/www.musikverein-stammheim.de\/start\/wp-json\/wp\/v2\/types\/page"}],"author":[{"embeddable":true,"href":"https:\/\/www.musikverein-stammheim.de\/start\/wp-json\/wp\/v2\/users\/1"}],"replies":[{"embeddable":true,"href":"https:\/\/www.musikverein-stammheim.de\/start\/wp-json\/wp\/v2\/comments?post=2555"}],"version-history":[{"count":30,"href":"https:\/\/www.musikverein-stammheim.de\/start\/wp-json\/wp\/v2\/pages\/2555\/revisions"}],"predecessor-version":[{"id":6901,"href":"https:\/\/www.musikverein-stammheim.de\/start\/wp-json\/wp\/v2\/pages\/2555\/revisions\/6901"}],"up":[{"embeddable":true,"href":"https:\/\/www.musikverein-stammheim.de\/start\/wp-json\/wp\/v2\/pages\/1405"}],"wp:attachment":[{"href":"https:\/\/www.musikverein-stammheim.de\/start\/wp-json\/wp\/v2\/media?parent=2555"}],"curies":[{"name":"wp","href":"https:\/\/api.w.org\/{rel}","templated":true}]}}