{"id":2579,"date":"2014-09-12T20:48:29","date_gmt":"2014-09-12T18:48:29","guid":{"rendered":"http:\/\/www.musikverein-stammheim.de\/start\/?page_id=2579"},"modified":"2024-04-26T14:56:54","modified_gmt":"2024-04-26T12:56:54","slug":"auszeichnungen-2","status":"publish","type":"page","link":"https:\/\/www.musikverein-stammheim.de\/start\/ueber-uns\/auszeichnungen-2\/","title":{"rendered":"Auszeichnungen"},"content":{"rendered":"<p>Die Teilnahme an Wertungsspielen unterschiedlichster Art war und ist eine wichtige Messgr\u00f6\u00dfe f\u00fcr den Leistungsstand des Musikverein Stammheim. Der kontinuierliche Aufbau und die musikalische Weiterentwicklung waren\/sind stets Anliegen der Dirigenten und der Vereinsf\u00fchrung. Vor 44 Jahren nahm die Trachtenkapelle mit ca. 40 Musikerinnen und Musikern zum ersten Mal an einem Wertungsspiel teil. Und durch eine hervorragende organisatorische und musikalische F\u00fchrung sowie eine vorbildliche Jugendarbeit konnte das Niveau so weiterentwickelt werden, dass die Trachtenkapelle auch heute mit ca. 70 Musikerinnen und Musikern an Wertungsspielen in der H\u00f6chsstufe teilnimmt. Die Wertungsspielordnung der Verb\u00e4nde wurde im Lauf der Zeit immer wiederangepasst. Aufgelistete Wertungsspiele entsprechen den jeweils g\u00fcltigen\u00a0Wertungsklassen und Bewertungsstufen.<\/p>\n<h1 style=\"color: #c54456;\"><strong>15. Juni 1970<\/strong><\/h1>\n<p><strong>Wertungsspiel in Ditzingen<\/strong><br \/>\nKategorie: Mittelstufe<br \/>\nErgebnis: 1. Rang<br \/>\nDirigent: J\u00fcrgen Haug<\/p>\n<h1 style=\"color: #c54456;\"><strong>20. Juni 1975<\/strong><\/h1>\n<p><strong>Wertungsspiel in Weil der Stadt<\/strong><br \/>\nKategorie: Mittelstufe<br \/>\nErgebnis: 1. Rang<br \/>\nDirigent: J\u00fcrgen Haug<\/p>\n<h1 style=\"color: #c54456;\"><strong>15. Juni 1980<\/strong><\/h1>\n<p><strong>Wertungsspiel in Egenhausen<\/strong><br \/>\nKategorie: Oberstufe<br \/>\nErgebnis: 1. Rang mit Auszeichnung<br \/>\nDirigent: Hermann Kuonath<\/p>\n<h1 style=\"color: #c54456;\"><strong>1. Juli 1984<\/strong><\/h1>\n<p><strong>Wertungsspiel in Bad Liebenzell<\/strong><br \/>\nKategorie: Oberstufe<br \/>\nErgebnis: 1. Rang mit Auszeichnung<br \/>\nDirigent: Hermann Kuonath<\/p>\n<h1 style=\"color: #c54456;\"><strong>12. Juni 1988<\/strong><\/h1>\n<p><strong>Wertungsspiel in Bad Wildbad<\/strong><br \/>\nKategorie: Oberstufe<br \/>\nErgebnis: 1. Rang mit Auszeichnung<br \/>\nDirigent: Hermann Kuonath<\/p>\n<h1 style=\"color: #c54456;\"><strong>31. Mai 1992<\/strong><\/h1>\n<p><strong>Wertungsspiel in Calmbach<\/strong><br \/>\nKategorie: H\u00f6chststufe<br \/>\nErgebnis: Note 1-2<br \/>\nDirigent: Hermann Kuonath<\/p>\n<h1 style=\"color: #c54456;\"><strong>14. Mai 1995<\/strong><\/h1>\n<p><strong>Wertungsspiel in Calw<\/strong><br \/>\nKategorie: H\u00f6chsstufe<br \/>\nErgebnis: Note 1<br \/>\nDirigent: Hermann Kuonath<\/p>\n<h1 style=\"color: #c54456;\"><strong>7. Mai 2000<\/strong><\/h1>\n<p><strong>Wertungsspiel in Altensteig<\/strong><br \/>\nKategorie: H\u00f6chsstufe<br \/>\nErgebnis: Note 1<br \/>\nDirigent: Hermann Kuonath<\/p>\n<h1 style=\"color: #c54456;\"><strong>21. Mai 2006<\/strong><\/h1>\n<p><strong>Wertungsspiel in Villingen-Schwenningen<\/strong><br \/>\nKategorie: H\u00f6chsstufe<br \/>\nErgebnis: Note \u201ehervorragend\u201c<br \/>\nDirigent: Michael Schanz<\/p>\n<h1 style=\"color: #c54456;\"><strong>10. Mai 2009<\/strong><\/h1>\n<p><strong>Wertungsspiel in \u00dcberlingen<\/strong><br \/>\nKategorie: H\u00f6chststufe<br \/>\nErgebnis: Note \u201esehr gut\u201c<br \/>\nDirigent: Michael Schanz<\/p>\n<h1 style=\"color: #c54456;\"><strong>17. Mai 2014<\/strong><\/h1>\n<p><strong>Wertungsspiel in Niefern-\u00d6schelbronn<\/strong><br \/>\nKategorie: H\u00f6chststufe<br \/>\nErgebnis: Note \u201ehervorragend\u201c<br \/>\nDirigent: Michael Schanz<\/p>\n<h1 style=\"color: #c54456;\"><strong>6. Mai 2018<\/strong><\/h1>\n<p><strong>Wertungsspiel in Gschwend<\/strong><br \/>\nKategorie: H\u00f6chststufe<br \/>\nErgebnis: Note \u201esehr gut\u201c<br \/>\nDirigent: Michael Schanz<\/p>\n<h1 style=\"color: #c54456;\"><strong>5. Mai 2019<\/strong><\/h1>\n<p><strong>Wertungsspiel in Altensteig<\/strong><br \/>\nKategorie: H\u00f6chststufe<br \/>\nErgebnis: Note \u201ehervorragend\u201c<br \/>\nDirigent: Michael Schanz<\/p>\n","protected":false},"excerpt":{"rendered":"<p>Die Teilnahme an Wertungsspielen unterschiedlichster Art war und ist eine wichtige Messgr\u00f6\u00dfe f\u00fcr den Leistungsstand des Musikverein Stammheim. Der kontinuierliche Aufbau und die musikalische Weiterentwicklung waren\/sind stets Anliegen der Dirigenten <a class=\"more-link\" href=\"https:\/\/www.musikverein-stammheim.de\/start\/ueber-uns\/auszeichnungen-2\/\">Weiterlesen \u2192<\/a><\/p>\n","protected":false},"author":1,"featured_media":0,"parent":1405,"menu_order":0,"comment_status":"closed","ping_status":"closed","template":"","meta":{"footnotes":""},"class_list":["post-2579","page","type-page","status-publish","hentry"],"_links":{"self":[{"href":"https:\/\/www.musikverein-stammheim.de\/start\/wp-json\/wp\/v2\/pages\/2579","targetHints":{"allow":["GET"]}}],"collection":[{"href":"https:\/\/www.musikverein-stammheim.de\/start\/wp-json\/wp\/v2\/pages"}],"about":[{"href":"https:\/\/www.musikverein-stammheim.de\/start\/wp-json\/wp\/v2\/types\/page"}],"author":[{"embeddable":true,"href":"https:\/\/www.musikverein-stammheim.de\/start\/wp-json\/wp\/v2\/users\/1"}],"replies":[{"embeddable":true,"href":"https:\/\/www.musikverein-stammheim.de\/start\/wp-json\/wp\/v2\/comments?post=2579"}],"version-history":[{"count":28,"href":"https:\/\/www.musikverein-stammheim.de\/start\/wp-json\/wp\/v2\/pages\/2579\/revisions"}],"predecessor-version":[{"id":6952,"href":"https:\/\/www.musikverein-stammheim.de\/start\/wp-json\/wp\/v2\/pages\/2579\/revisions\/6952"}],"up":[{"embeddable":true,"href":"https:\/\/www.musikverein-stammheim.de\/start\/wp-json\/wp\/v2\/pages\/1405"}],"wp:attachment":[{"href":"https:\/\/www.musikverein-stammheim.de\/start\/wp-json\/wp\/v2\/media?parent=2579"}],"curies":[{"name":"wp","href":"https:\/\/api.w.org\/{rel}","templated":true}]}}