{"id":3205,"date":"2015-05-15T20:05:06","date_gmt":"2015-05-15T18:05:06","guid":{"rendered":"http:\/\/www.musikverein-stammheim.de\/start\/?page_id=3205"},"modified":"2019-10-22T21:29:09","modified_gmt":"2019-10-22T19:29:09","slug":"neuanfaenger","status":"publish","type":"page","link":"https:\/\/www.musikverein-stammheim.de\/start\/mv-jugend\/neuanfaenger\/","title":{"rendered":"Neuanf\u00e4nger"},"content":{"rendered":"<div class=\"page\" title=\"Page 1\">\n<div class=\"layoutArea\">\n<div class=\"column\">\n<p>Auch dieses Jahr starten wir wieder mit der Ausbildung von Jungmusikern. Direkt zu Beginn bekommt ihr das Instrument eurer Wahl und lernt dieses zu spielen. Zeitgleich werden euch wichtige Grundlagen der Musiktheorie vermittelt und nach einiger Zeit werdet ihr die ersten gemeinsamen St\u00fccke in einer Gruppe spielen. Sp\u00e4ter k\u00f6nnt ihr euer neu erworbenes K\u00f6nnen in der Jugendkapelle einbringen und spielt als Teil der Kapelle bei Auftritten in Nah und Fern<\/p>\n<\/div>\n<\/div>\n<\/div>\n<p><a href=\"https:\/\/www.musikverein-stammheim.de\/start\/mv-jugend\/neuanfaenger\/attachment\/flyer_mv_stammheim_jugend_vorderseite\/#main\"><img loading=\"lazy\" decoding=\"async\" class=\"alignleft wp-image-5830 size-large\" src=\"https:\/\/www.musikverein-stammheim.de\/start\/wp-content\/uploads\/2019\/10\/Flyer_MV_Stammheim_Jugend_Vorderseite-1024x726.jpg\" alt=\"\" width=\"690\" height=\"489\" srcset=\"https:\/\/www.musikverein-stammheim.de\/start\/wp-content\/uploads\/2019\/10\/Flyer_MV_Stammheim_Jugend_Vorderseite-1024x726.jpg 1024w, https:\/\/www.musikverein-stammheim.de\/start\/wp-content\/uploads\/2019\/10\/Flyer_MV_Stammheim_Jugend_Vorderseite-300x213.jpg 300w, https:\/\/www.musikverein-stammheim.de\/start\/wp-content\/uploads\/2019\/10\/Flyer_MV_Stammheim_Jugend_Vorderseite-768x544.jpg 768w, https:\/\/www.musikverein-stammheim.de\/start\/wp-content\/uploads\/2019\/10\/Flyer_MV_Stammheim_Jugend_Vorderseite.jpg 1765w\" sizes=\"auto, (max-width: 690px) 100vw, 690px\" \/><\/a><a href=\"https:\/\/www.musikverein-stammheim.de\/start\/mv-jugend\/neuanfaenger\/attachment\/flyer_mv_stammheim_jugend_rueckseite\/#main\"><img loading=\"lazy\" decoding=\"async\" class=\"alignleft wp-image-5832 size-large\" src=\"https:\/\/www.musikverein-stammheim.de\/start\/wp-content\/uploads\/2019\/10\/Flyer_MV_Stammheim_Jugend_R\u00fcckseite-1024x726.jpg\" alt=\"\" width=\"690\" height=\"489\" srcset=\"https:\/\/www.musikverein-stammheim.de\/start\/wp-content\/uploads\/2019\/10\/Flyer_MV_Stammheim_Jugend_R\u00fcckseite-1024x726.jpg 1024w, https:\/\/www.musikverein-stammheim.de\/start\/wp-content\/uploads\/2019\/10\/Flyer_MV_Stammheim_Jugend_R\u00fcckseite-300x213.jpg 300w, https:\/\/www.musikverein-stammheim.de\/start\/wp-content\/uploads\/2019\/10\/Flyer_MV_Stammheim_Jugend_R\u00fcckseite-768x544.jpg 768w, https:\/\/www.musikverein-stammheim.de\/start\/wp-content\/uploads\/2019\/10\/Flyer_MV_Stammheim_Jugend_R\u00fcckseite.jpg 1765w\" sizes=\"auto, (max-width: 690px) 100vw, 690px\" \/><\/a><\/p>\n","protected":false},"excerpt":{"rendered":"<p>Auch dieses Jahr starten wir wieder mit der Ausbildung von Jungmusikern. Direkt zu Beginn bekommt ihr das Instrument eurer Wahl und lernt dieses zu spielen. Zeitgleich werden euch wichtige Grundlagen <a class=\"more-link\" href=\"https:\/\/www.musikverein-stammheim.de\/start\/mv-jugend\/neuanfaenger\/\">Weiterlesen \u2192<\/a><\/p>\n","protected":false},"author":1,"featured_media":0,"parent":1514,"menu_order":0,"comment_status":"closed","ping_status":"closed","template":"","meta":{"footnotes":""},"class_list":["post-3205","page","type-page","status-publish","hentry"],"_links":{"self":[{"href":"https:\/\/www.musikverein-stammheim.de\/start\/wp-json\/wp\/v2\/pages\/3205","targetHints":{"allow":["GET"]}}],"collection":[{"href":"https:\/\/www.musikverein-stammheim.de\/start\/wp-json\/wp\/v2\/pages"}],"about":[{"href":"https:\/\/www.musikverein-stammheim.de\/start\/wp-json\/wp\/v2\/types\/page"}],"author":[{"embeddable":true,"href":"https:\/\/www.musikverein-stammheim.de\/start\/wp-json\/wp\/v2\/users\/1"}],"replies":[{"embeddable":true,"href":"https:\/\/www.musikverein-stammheim.de\/start\/wp-json\/wp\/v2\/comments?post=3205"}],"version-history":[{"count":11,"href":"https:\/\/www.musikverein-stammheim.de\/start\/wp-json\/wp\/v2\/pages\/3205\/revisions"}],"predecessor-version":[{"id":5845,"href":"https:\/\/www.musikverein-stammheim.de\/start\/wp-json\/wp\/v2\/pages\/3205\/revisions\/5845"}],"up":[{"embeddable":true,"href":"https:\/\/www.musikverein-stammheim.de\/start\/wp-json\/wp\/v2\/pages\/1514"}],"wp:attachment":[{"href":"https:\/\/www.musikverein-stammheim.de\/start\/wp-json\/wp\/v2\/media?parent=3205"}],"curies":[{"name":"wp","href":"https:\/\/api.w.org\/{rel}","templated":true}]}}