{"id":3953,"date":"2016-06-05T16:05:07","date_gmt":"2016-06-05T14:05:07","guid":{"rendered":"http:\/\/www.musikverein-stammheim.de\/start\/?page_id=3953"},"modified":"2024-03-12T17:03:50","modified_gmt":"2024-03-12T15:03:50","slug":"praeventionskonzept-gegen-sexuelle-gewalt","status":"publish","type":"page","link":"https:\/\/www.musikverein-stammheim.de\/start\/praeventionskonzept-gegen-sexuelle-gewalt\/","title":{"rendered":"Pr\u00e4ventionskonzept gegen sexuelle Gewalt"},"content":{"rendered":"<p>Ein aktiver Kinder- und Jugendschutz hat im Musikverein Stammheim einen sehr hohen Stellenwert. Die vom Kreis Calw diesbez\u00fcglich empfohlenen Schutzma\u00dfnahmen umzusetzen, war deshalb f\u00fcr die Verantwortlichen in der Vorstandschaft und in der Jugendarbeit selbstverst\u00e4ndlich.<span class=\"Apple-converted-space\">\u00a0<\/span><\/p>\n<p>In enger Zusammenarbeit mit Herrn Borkenstein, vom Landratsamt Calw, wurden bereits im Fr\u00fchjahr 2016 Ma\u00dfnahmen zur Erstellung eines konkreten Konzeptes vom aktiven Kinder- und Jugendschutz im Verein ergriffen. Hierbei waren sowohl Vertreterinnen und Vertreter des aktiven Ausschusses als auch Vertreterinnen und Vertreter des Jugendausschusses ma\u00dfgeblich involviert.<span class=\"Apple-converted-space\">\u00a0<\/span><\/p>\n<p>Als Auszeichnung daf\u00fcr wurde dem Musikverein Stammheim am 7. Juni 2016, neben anderen Vereinen und Instituten aus dem Kreis Calw, im Rahmen einer Feierstunde im Landratsamt das Jugendsiegel \u00fcberreicht.<span class=\"Apple-converted-space\">\u00a0<\/span><\/p>\n<p>Anmerkung: Nachfolgend sehen Sie eine Vorschau des Dokuments im Dateisystem GoogleDocs. Weiter unten finden Sie einen Download-Link f\u00fcr das Dokument im pdf-Format. (Stellen Sie sicher, dass ihr Computer pdf-Dateien \u00f6ffnen kann).<br \/>\nWenn das Dokument in der Vorschau nicht angezeigt wird, k\u00f6nnen Sie zwei Dinge tun:<\/p>\n<ul>\n<li>Laden Sie die Seite erneut<\/li>\n<\/ul>\n<ul>\n<li>Leeren Sie den Zwischenspeicher (Cache) Ihres Browsers<\/li>\n<\/ul>\n<p>Meistens ist das Problem dadurch behoben.<\/p>\n<iframe src=\"\/\/docs.google.com\/viewer?url=https%3A%2F%2Fwww.musikverein-stammheim.de%2Fmvpdfs%2FPr%25C3%25A4ventionskonzept.pdf&hl=de&embedded=true\" class=\"gde-frame\" style=\"width:100%; height:500px; border: none;\" scrolling=\"no\"><\/iframe>\n<p class=\"gde-text\"><a href=\"https:\/\/www.musikverein-stammheim.de\/mvpdfs\/Pr%C3%A4ventionskonzept.pdf\" class=\"gde-link\">Download (PDF, 28KB)<\/a><\/p>\n","protected":false},"excerpt":{"rendered":"<p>Ein aktiver Kinder- und Jugendschutz hat im Musikverein Stammheim einen sehr hohen Stellenwert. Die vom Kreis Calw diesbez\u00fcglich empfohlenen Schutzma\u00dfnahmen umzusetzen, war deshalb f\u00fcr die Verantwortlichen in der Vorstandschaft und <a class=\"more-link\" href=\"https:\/\/www.musikverein-stammheim.de\/start\/praeventionskonzept-gegen-sexuelle-gewalt\/\">Weiterlesen \u2192<\/a><\/p>\n","protected":false},"author":1,"featured_media":0,"parent":0,"menu_order":0,"comment_status":"closed","ping_status":"closed","template":"","meta":{"footnotes":""},"class_list":["post-3953","page","type-page","status-publish","hentry"],"_links":{"self":[{"href":"https:\/\/www.musikverein-stammheim.de\/start\/wp-json\/wp\/v2\/pages\/3953","targetHints":{"allow":["GET"]}}],"collection":[{"href":"https:\/\/www.musikverein-stammheim.de\/start\/wp-json\/wp\/v2\/pages"}],"about":[{"href":"https:\/\/www.musikverein-stammheim.de\/start\/wp-json\/wp\/v2\/types\/page"}],"author":[{"embeddable":true,"href":"https:\/\/www.musikverein-stammheim.de\/start\/wp-json\/wp\/v2\/users\/1"}],"replies":[{"embeddable":true,"href":"https:\/\/www.musikverein-stammheim.de\/start\/wp-json\/wp\/v2\/comments?post=3953"}],"version-history":[{"count":2,"href":"https:\/\/www.musikverein-stammheim.de\/start\/wp-json\/wp\/v2\/pages\/3953\/revisions"}],"predecessor-version":[{"id":6891,"href":"https:\/\/www.musikverein-stammheim.de\/start\/wp-json\/wp\/v2\/pages\/3953\/revisions\/6891"}],"wp:attachment":[{"href":"https:\/\/www.musikverein-stammheim.de\/start\/wp-json\/wp\/v2\/media?parent=3953"}],"curies":[{"name":"wp","href":"https:\/\/api.w.org\/{rel}","templated":true}]}}