{"id":4937,"date":"2018-01-18T23:05:00","date_gmt":"2018-01-18T21:05:00","guid":{"rendered":"http:\/\/www.musikverein-stammheim.de\/start\/?page_id=4937"},"modified":"2025-06-24T10:59:39","modified_gmt":"2025-06-24T08:59:39","slug":"fruehjahrskonzert","status":"publish","type":"page","link":"https:\/\/www.musikverein-stammheim.de\/start\/ueber-uns\/highlights\/fruehjahrskonzert\/","title":{"rendered":"Fr\u00fchjahrskonzert"},"content":{"rendered":"<p>Seit 1970 bildet das Fr\u00fchjahrskonzert den musikalischen H\u00f6hepunkt im Jahr. Seid gespannt, welche musikalischen Highlights der symphonischen Blasmusik unsere Dirigenten Timo Klumpp und Michael Schanz ausgesucht und einstudiert haben. Bei Filmmusiken, Ouvert\u00fcren und moderner Blasmusik ist sicher f\u00fcr jeden etwas dabei. Solistische Beitr\u00e4ge stehen ebenfalls wieder auf dem Programm.<\/p>\n<p><strong>Highlights aus den vergangenen Jahren:<\/strong><\/p>\n\n\t\t<style type=\"text\/css\">\n\t\t\t#gallery-1 {\n\t\t\t\tmargin: auto;\n\t\t\t}\n\t\t\t#gallery-1 .gallery-item {\n\t\t\t\tfloat: left;\n\t\t\t\tmargin-top: 10px;\n\t\t\t\ttext-align: center;\n\t\t\t\twidth: 25%;\n\t\t\t}\n\t\t\t#gallery-1 img {\n\t\t\t\tborder: 2px solid #cfcfcf;\n\t\t\t}\n\t\t\t#gallery-1 .gallery-caption {\n\t\t\t\tmargin-left: 0;\n\t\t\t}\n\t\t\t\/* see gallery_shortcode() in wp-includes\/media.php *\/\n\t\t<\/style>\n\t\t<div id='gallery-1' class='gallery galleryid-4937 gallery-columns-4 gallery-size-thumbnail'><dl class='gallery-item'>\n\t\t\t<dt class='gallery-icon landscape'>\n\t\t\t\t<a href='https:\/\/www.musikverein-stammheim.de\/start\/medien\/fotos\/2025-2\/fruehjahrskonzert-2025\/attachment\/dsc_6154-2\/#main'><img loading=\"lazy\" decoding=\"async\" width=\"150\" height=\"150\" src=\"https:\/\/www.musikverein-stammheim.de\/start\/wp-content\/uploads\/2025\/05\/DSC_6154-150x150.jpg\" class=\"attachment-thumbnail size-thumbnail\" alt=\"\" aria-describedby=\"gallery-1-8035\" \/><\/a>\n\t\t\t<\/dt>\n\t\t\t\t<dd class='wp-caption-text gallery-caption' id='gallery-1-8035'>\n\t\t\t\tDie Jugendkapelle unter der Leitung von Timo Klumpp.\n\t\t\t\t<\/dd><\/dl><dl class='gallery-item'>\n\t\t\t<dt class='gallery-icon landscape'>\n\t\t\t\t<a href='https:\/\/www.musikverein-stammheim.de\/start\/dsc_6209-2\/'><img loading=\"lazy\" decoding=\"async\" width=\"150\" height=\"150\" src=\"https:\/\/www.musikverein-stammheim.de\/start\/wp-content\/uploads\/2025\/05\/DSC_6209-1-150x150.jpg\" class=\"attachment-thumbnail size-thumbnail\" alt=\"\" aria-describedby=\"gallery-1-8066\" \/><\/a>\n\t\t\t<\/dt>\n\t\t\t\t<dd class='wp-caption-text gallery-caption' id='gallery-1-8066'>\n\t\t\t\tSolist Robert R\u00f6lver mit Farmers Tuba.\n\t\t\t\t<\/dd><\/dl><dl class='gallery-item'>\n\t\t\t<dt class='gallery-icon landscape'>\n\t\t\t\t<a href='https:\/\/www.musikverein-stammheim.de\/start\/medien\/fotos\/2024-fotos\/fruehjahrskonzert-2024\/attachment\/img_6948-1\/#main'><img loading=\"lazy\" decoding=\"async\" width=\"150\" height=\"150\" src=\"https:\/\/www.musikverein-stammheim.de\/start\/wp-content\/uploads\/2024\/05\/IMG_6948-1-150x150.jpg\" class=\"attachment-thumbnail size-thumbnail\" alt=\"\" aria-describedby=\"gallery-1-7282\" \/><\/a>\n\t\t\t<\/dt>\n\t\t\t\t<dd class='wp-caption-text gallery-caption' id='gallery-1-7282'>\n\t\t\t\tDie Jugendkapelle unter der Leitung von Leonard Gie\u00dfner.\n\t\t\t\t<\/dd><\/dl><dl class='gallery-item'>\n\t\t\t<dt class='gallery-icon landscape'>\n\t\t\t\t<a href='https:\/\/www.musikverein-stammheim.de\/start\/medien\/fotos\/2019-2\/fruehjahrskonzert-spezial\/attachment\/e8b13d2f-c362-4479-8ca3-823f74b193b6\/#main'><img loading=\"lazy\" decoding=\"async\" width=\"150\" height=\"150\" src=\"https:\/\/www.musikverein-stammheim.de\/start\/wp-content\/uploads\/2023\/02\/e8b13d2f-c362-4479-8ca3-823f74b193b6-150x150.jpg\" class=\"attachment-thumbnail size-thumbnail\" alt=\"\" aria-describedby=\"gallery-1-6617\" \/><\/a>\n\t\t\t<\/dt>\n\t\t\t\t<dd class='wp-caption-text gallery-caption' id='gallery-1-6617'>\n\t\t\t\tTrachtenkapelle meets Musical.\n\t\t\t\t<\/dd><\/dl><br style=\"clear: both\" \/><dl class='gallery-item'>\n\t\t\t<dt class='gallery-icon landscape'>\n\t\t\t\t<a href='https:\/\/www.musikverein-stammheim.de\/start\/fruehjahrskonzert-2023\/attachment\/videocapture_20230423-161212-1\/#main'><img loading=\"lazy\" decoding=\"async\" width=\"150\" height=\"150\" src=\"https:\/\/www.musikverein-stammheim.de\/start\/wp-content\/uploads\/2023\/04\/VideoCapture_20230423-161212-1-150x150.jpg\" class=\"attachment-thumbnail size-thumbnail\" alt=\"\" aria-describedby=\"gallery-1-6682\" \/><\/a>\n\t\t\t<\/dt>\n\t\t\t\t<dd class='wp-caption-text gallery-caption' id='gallery-1-6682'>\n\t\t\t\tSolist Leonard Gie\u00dfner mit der Trachtenkapelle.\n\t\t\t\t<\/dd><\/dl><dl class='gallery-item'>\n\t\t\t<dt class='gallery-icon landscape'>\n\t\t\t\t<a href='https:\/\/www.musikverein-stammheim.de\/start\/fruehjahrskonzert-2023\/attachment\/screenshot-14\/#main'><img loading=\"lazy\" decoding=\"async\" width=\"150\" height=\"150\" src=\"https:\/\/www.musikverein-stammheim.de\/start\/wp-content\/uploads\/2023\/04\/Screenshot-14-150x150.png\" class=\"attachment-thumbnail size-thumbnail\" alt=\"\" aria-describedby=\"gallery-1-6676\" \/><\/a>\n\t\t\t<\/dt>\n\t\t\t\t<dd class='wp-caption-text gallery-caption' id='gallery-1-6676'>\n\t\t\t\tDie Trachtenkapelle mit S\u00e4nger und Gitarrist Simon Schwarzer. \n\t\t\t\t<\/dd><\/dl><dl class='gallery-item'>\n\t\t\t<dt class='gallery-icon landscape'>\n\t\t\t\t<a href='https:\/\/www.musikverein-stammheim.de\/start\/img_0479-2\/'><img loading=\"lazy\" decoding=\"async\" width=\"150\" height=\"150\" src=\"https:\/\/www.musikverein-stammheim.de\/start\/wp-content\/uploads\/2024\/04\/IMG_0479-1-150x150.jpg\" class=\"attachment-thumbnail size-thumbnail\" alt=\"\" aria-describedby=\"gallery-1-7140\" \/><\/a>\n\t\t\t<\/dt>\n\t\t\t\t<dd class='wp-caption-text gallery-caption' id='gallery-1-7140'>\n\t\t\t\tDie Jugendkapelle mit Unterst\u00fctzung durch Lena am Dudelsack.\n\t\t\t\t<\/dd><\/dl><dl class='gallery-item'>\n\t\t\t<dt class='gallery-icon landscape'>\n\t\t\t\t<a href='https:\/\/www.musikverein-stammheim.de\/start\/medien\/fotos\/2024-fotos\/fruehjahrskonzert-2024\/attachment\/screenshot-138\/#main'><img loading=\"lazy\" decoding=\"async\" width=\"150\" height=\"150\" src=\"https:\/\/www.musikverein-stammheim.de\/start\/wp-content\/uploads\/2024\/05\/Screenshot-138-150x150.png\" class=\"attachment-thumbnail size-thumbnail\" alt=\"\" aria-describedby=\"gallery-1-7286\" \/><\/a>\n\t\t\t<\/dt>\n\t\t\t\t<dd class='wp-caption-text gallery-caption' id='gallery-1-7286'>\n\t\t\t\tSolist Timo Klumpp mit dem &#8220;Hummelflug&#8221;.\n\t\t\t\t<\/dd><\/dl><br style=\"clear: both\" \/><dl class='gallery-item'>\n\t\t\t<dt class='gallery-icon landscape'>\n\t\t\t\t<a href='https:\/\/www.musikverein-stammheim.de\/start\/img_4024-3\/'><img loading=\"lazy\" decoding=\"async\" width=\"150\" height=\"150\" src=\"https:\/\/www.musikverein-stammheim.de\/start\/wp-content\/uploads\/2024\/04\/IMG_4024-1-150x150.jpg\" class=\"attachment-thumbnail size-thumbnail\" alt=\"\" aria-describedby=\"gallery-1-7138\" \/><\/a>\n\t\t\t<\/dt>\n\t\t\t\t<dd class='wp-caption-text gallery-caption' id='gallery-1-7138'>\n\t\t\t\tDie Trachtenkapelle mit Unterst\u00fctzung an der Harfe.\n\t\t\t\t<\/dd><\/dl><dl class='gallery-item'>\n\t\t\t<dt class='gallery-icon landscape'>\n\t\t\t\t<a href='https:\/\/www.musikverein-stammheim.de\/start\/medien\/fotos\/2017-2\/fruehjahrskonzert-2017\/attachment\/sony-dsc-941\/#main'><img loading=\"lazy\" decoding=\"async\" width=\"150\" height=\"150\" src=\"https:\/\/www.musikverein-stammheim.de\/start\/wp-content\/uploads\/2017\/06\/DSC00563-150x150.jpg\" class=\"attachment-thumbnail size-thumbnail\" alt=\"Fr\u00fchjahrskonzert 2017\" aria-describedby=\"gallery-1-4486\" \/><\/a>\n\t\t\t<\/dt>\n\t\t\t\t<dd class='wp-caption-text gallery-caption' id='gallery-1-4486'>\n\t\t\t\tDie Jugendkapelle unter der Leitung von Mathias Heldmayer.\n\t\t\t\t<\/dd><\/dl><dl class='gallery-item'>\n\t\t\t<dt class='gallery-icon landscape'>\n\t\t\t\t<a href='https:\/\/www.musikverein-stammheim.de\/start\/img_7618-kopie\/'><img loading=\"lazy\" decoding=\"async\" width=\"150\" height=\"150\" src=\"https:\/\/www.musikverein-stammheim.de\/start\/wp-content\/uploads\/2016\/05\/IMG_7618-Kopie-150x150.jpg\" class=\"attachment-thumbnail size-thumbnail\" alt=\"Fr\u00fchjahrskonzert 2016\" aria-describedby=\"gallery-1-3902\" \/><\/a>\n\t\t\t<\/dt>\n\t\t\t\t<dd class='wp-caption-text gallery-caption' id='gallery-1-3902'>\n\t\t\t\tDie Trachtenkapelle unter der Leitung von Michael Schanz.\n\t\t\t\t<\/dd><\/dl><dl class='gallery-item'>\n\t\t\t<dt class='gallery-icon landscape'>\n\t\t\t\t<a href='https:\/\/www.musikverein-stammheim.de\/start\/medien\/fotos\/2017-2\/fruehjahrskonzert-2017\/attachment\/sony-dsc-953\/#main'><img loading=\"lazy\" decoding=\"async\" width=\"150\" height=\"150\" src=\"https:\/\/www.musikverein-stammheim.de\/start\/wp-content\/uploads\/2017\/06\/DSC00602-150x150.jpg\" class=\"attachment-thumbnail size-thumbnail\" alt=\"Fr\u00fchjahrskonzert 2017\" aria-describedby=\"gallery-1-4498\" \/><\/a>\n\t\t\t<\/dt>\n\t\t\t\t<dd class='wp-caption-text gallery-caption' id='gallery-1-4498'>\n\t\t\t\tJ\u00f6rg Fetzer als Joe Cocker mit dem Song &#8220;You Can Leave Your Hat On&#8221;.\n\t\t\t\t<\/dd><\/dl><br style=\"clear: both\" \/><dl class='gallery-item'>\n\t\t\t<dt class='gallery-icon landscape'>\n\t\t\t\t<a href='https:\/\/www.musikverein-stammheim.de\/start\/img_7592-kopie\/'><img loading=\"lazy\" decoding=\"async\" width=\"150\" height=\"150\" src=\"https:\/\/www.musikverein-stammheim.de\/start\/wp-content\/uploads\/2016\/05\/IMG_7592-Kopie-150x150.jpg\" class=\"attachment-thumbnail size-thumbnail\" alt=\"Fr\u00fchjahrskonzert 2016\" aria-describedby=\"gallery-1-3897\" \/><\/a>\n\t\t\t<\/dt>\n\t\t\t\t<dd class='wp-caption-text gallery-caption' id='gallery-1-3897'>\n\t\t\t\tSolistin Stefanie Hammann mit Butler Hannes Rexer.\n\t\t\t\t<\/dd><\/dl><dl class='gallery-item'>\n\t\t\t<dt class='gallery-icon landscape'>\n\t\t\t\t<a href='https:\/\/www.musikverein-stammheim.de\/start\/medien\/fotos\/fotos2015\/fruehjahrskonzert\/attachment\/sony-dsc-851\/#main'><img loading=\"lazy\" decoding=\"async\" width=\"150\" height=\"150\" src=\"https:\/\/www.musikverein-stammheim.de\/start\/wp-content\/uploads\/2015\/05\/DSC04131-150x150.jpg\" class=\"attachment-thumbnail size-thumbnail\" alt=\"Fr\u00fchjahrskonzert 2015\" aria-describedby=\"gallery-1-3153\" \/><\/a>\n\t\t\t<\/dt>\n\t\t\t\t<dd class='wp-caption-text gallery-caption' id='gallery-1-3153'>\n\t\t\t\tDie Rhythmusgruppe der Grundschule beim Konzert.\n\t\t\t\t<\/dd><\/dl><dl class='gallery-item'>\n\t\t\t<dt class='gallery-icon landscape'>\n\t\t\t\t<a href='https:\/\/www.musikverein-stammheim.de\/start\/medien\/fotos\/2014-2\/fruehjahrskonzert-2014\/attachment\/sony-dsc-404\/#main'><img loading=\"lazy\" decoding=\"async\" width=\"150\" height=\"150\" src=\"https:\/\/www.musikverein-stammheim.de\/start\/wp-content\/uploads\/2014\/04\/DSC03110-150x150.jpg\" class=\"attachment-thumbnail size-thumbnail\" alt=\"Fr\u00fchjahrskonzert 2014\" aria-describedby=\"gallery-1-2021\" \/><\/a>\n\t\t\t<\/dt>\n\t\t\t\t<dd class='wp-caption-text gallery-caption' id='gallery-1-2021'>\n\t\t\t\tDie Trachtenkapelle und der Coro Accelerando.\n\t\t\t\t<\/dd><\/dl><dl class='gallery-item'>\n\t\t\t<dt class='gallery-icon landscape'>\n\t\t\t\t<a href='https:\/\/www.musikverein-stammheim.de\/start\/medien\/fotos\/2014-2\/fruehjahrskonzert-2014\/attachment\/sony-dsc-405\/#main'><img loading=\"lazy\" decoding=\"async\" width=\"150\" height=\"150\" src=\"https:\/\/www.musikverein-stammheim.de\/start\/wp-content\/uploads\/2014\/04\/DSC03112-150x150.jpg\" class=\"attachment-thumbnail size-thumbnail\" alt=\"Fr\u00fchjahrskonzert 2014\" aria-describedby=\"gallery-1-2022\" \/><\/a>\n\t\t\t<\/dt>\n\t\t\t\t<dd class='wp-caption-text gallery-caption' id='gallery-1-2022'>\n\t\t\t\tDas Fr\u00fchjahrskonzert Spezial mit dem Coro Accelerando.\n\t\t\t\t<\/dd><\/dl><br style=\"clear: both\" \/>\n\t\t<\/div>\n\n<p><span style=\"color: #000000;\"><strong>Mehr Bilder gibt es in den Galerien unserer vergangenen Konzerte:<\/strong><\/span><\/p>\n<ul>\n<li><a href=\"https:\/\/www.musikverein-stammheim.de\/start\/medien\/fotos\/2025-2\/fruehjahrskonzert-2025\/\">2025<\/a><\/li>\n<li><a href=\"https:\/\/www.musikverein-stammheim.de\/start\/medien\/fotos\/2024-fotos\/fruehjahrskonzert-2024\/\">2024<\/a><\/li>\n<li><a href=\"https:\/\/www.musikverein-stammheim.de\/start\/medien\/fotos\/2023-2\/fruehjahrskonzert-2023-2\/\">2023<\/a><\/li>\n<li><a href=\"https:\/\/www.musikverein-stammheim.de\/start\/medien\/fotos\/2019-2\/fruehjahrskonzert-spezial\/\">2022<\/a><\/li>\n<li>&#8230;<\/li>\n<li><a href=\"https:\/\/www.musikverein-stammheim.de\/start\/medien\/fotos\/2019-2\/fruehjahrskonzert-2019\/\">2019<\/a><\/li>\n<li>&#8230;<\/li>\n<li><a style=\"font-size: revert;\" href=\"https:\/\/www.musikverein-stammheim.de\/start\/fruehjahrskonzert-2017\/\">2017<\/a><\/li>\n<li><a style=\"font-size: revert;\" href=\"https:\/\/www.musikverein-stammheim.de\/start\/fruehjahrskonzert-2016\/\">2016<\/a><\/li>\n<li><a style=\"font-size: revert;\" href=\"https:\/\/www.musikverein-stammheim.de\/start\/fruehjahrskonzert-2015\/\">2015<\/a><\/li>\n<li><a href=\"https:\/\/www.musikverein-stammheim.de\/start\/fotos\/2014-2\/fruehjahrskonzert-2014\/\">2014<\/a><\/li>\n<li><a href=\"https:\/\/www.musikverein-stammheim.de\/start\/fotos\/2013-2\/fruehjahrskonzert\/\">2013<\/a><\/li>\n<\/ul>\n\n\n<p><\/p>\n","protected":false},"excerpt":{"rendered":"<p>Seit 1970 bildet das Fr\u00fchjahrskonzert den musikalischen H\u00f6hepunkt im Jahr. Seid gespannt, welche musikalischen Highlights der symphonischen Blasmusik unsere Dirigenten Timo Klumpp und Michael Schanz ausgesucht und einstudiert haben. Bei <a class=\"more-link\" href=\"https:\/\/www.musikverein-stammheim.de\/start\/ueber-uns\/highlights\/fruehjahrskonzert\/\">Weiterlesen \u2192<\/a><\/p>\n","protected":false},"author":1,"featured_media":0,"parent":4934,"menu_order":0,"comment_status":"closed","ping_status":"closed","template":"","meta":{"footnotes":""},"class_list":["post-4937","page","type-page","status-publish","hentry"],"_links":{"self":[{"href":"https:\/\/www.musikverein-stammheim.de\/start\/wp-json\/wp\/v2\/pages\/4937","targetHints":{"allow":["GET"]}}],"collection":[{"href":"https:\/\/www.musikverein-stammheim.de\/start\/wp-json\/wp\/v2\/pages"}],"about":[{"href":"https:\/\/www.musikverein-stammheim.de\/start\/wp-json\/wp\/v2\/types\/page"}],"author":[{"embeddable":true,"href":"https:\/\/www.musikverein-stammheim.de\/start\/wp-json\/wp\/v2\/users\/1"}],"replies":[{"embeddable":true,"href":"https:\/\/www.musikverein-stammheim.de\/start\/wp-json\/wp\/v2\/comments?post=4937"}],"version-history":[{"count":10,"href":"https:\/\/www.musikverein-stammheim.de\/start\/wp-json\/wp\/v2\/pages\/4937\/revisions"}],"predecessor-version":[{"id":8163,"href":"https:\/\/www.musikverein-stammheim.de\/start\/wp-json\/wp\/v2\/pages\/4937\/revisions\/8163"}],"up":[{"embeddable":true,"href":"https:\/\/www.musikverein-stammheim.de\/start\/wp-json\/wp\/v2\/pages\/4934"}],"wp:attachment":[{"href":"https:\/\/www.musikverein-stammheim.de\/start\/wp-json\/wp\/v2\/media?parent=4937"}],"curies":[{"name":"wp","href":"https:\/\/api.w.org\/{rel}","templated":true}]}}