{"id":4950,"date":"2018-01-18T23:31:44","date_gmt":"2018-01-18T21:31:44","guid":{"rendered":"http:\/\/www.musikverein-stammheim.de\/start\/?page_id=4950"},"modified":"2025-06-24T10:57:51","modified_gmt":"2025-06-24T08:57:51","slug":"erlebnismusik","status":"publish","type":"page","link":"https:\/\/www.musikverein-stammheim.de\/start\/ueber-uns\/highlights\/erlebnismusik\/","title":{"rendered":"Erlebnismusik"},"content":{"rendered":"<p>Bei der Erlebnismusik verwandelt der Musikverein Stammheim das Foyer des Maria-von-Linden\u00ad Gymnasiums in eine Show\u00adb\u00fchne. Neben musikalischen Highlights, ist hier vor allem auch etwas f\u00fcrs Auge geboten. Sketche, aufw\u00e4ndige Kost\u00fcme und viele kreative Ideen tragen zum Gelingen dieses Konzertes bei. Auch die Rhythmus-AG der <a href=\"http:\/\/www.gs-stammheim.de\/leitgedanken\/kooperation-mit-schulen-und-vereinen\/\">Grundschule Stammheim <\/a>war bereits Teil dieser Veranstaltung und unterst\u00fctze die Musikerinnen und Musiker mit voller Power.<\/p>\n<p><strong>Highlights aus den vergangenen Jahren:<\/strong><\/p>\n\n\t\t<style type=\"text\/css\">\n\t\t\t#gallery-1 {\n\t\t\t\tmargin: auto;\n\t\t\t}\n\t\t\t#gallery-1 .gallery-item {\n\t\t\t\tfloat: left;\n\t\t\t\tmargin-top: 10px;\n\t\t\t\ttext-align: center;\n\t\t\t\twidth: 25%;\n\t\t\t}\n\t\t\t#gallery-1 img {\n\t\t\t\tborder: 2px solid #cfcfcf;\n\t\t\t}\n\t\t\t#gallery-1 .gallery-caption {\n\t\t\t\tmargin-left: 0;\n\t\t\t}\n\t\t\t\/* see gallery_shortcode() in wp-includes\/media.php *\/\n\t\t<\/style>\n\t\t<div id='gallery-1' class='gallery galleryid-4950 gallery-columns-4 gallery-size-thumbnail'><dl class='gallery-item'>\n\t\t\t<dt class='gallery-icon landscape'>\n\t\t\t\t<a href='https:\/\/www.musikverein-stammheim.de\/start\/medien\/fotos\/2024-fotos\/erlebnismusik-2024\/attachment\/aquarium-1\/#main'><img loading=\"lazy\" decoding=\"async\" width=\"150\" height=\"150\" src=\"https:\/\/www.musikverein-stammheim.de\/start\/wp-content\/uploads\/2024\/11\/Aquarium-1-150x150.jpg\" class=\"attachment-thumbnail size-thumbnail\" alt=\"\" \/><\/a>\n\t\t\t<\/dt><\/dl><dl class='gallery-item'>\n\t\t\t<dt class='gallery-icon landscape'>\n\t\t\t\t<a href='https:\/\/www.musikverein-stammheim.de\/start\/medien\/fotos\/2024-fotos\/erlebnismusik-2024\/attachment\/strichmaennchen\/#main'><img loading=\"lazy\" decoding=\"async\" width=\"150\" height=\"150\" src=\"https:\/\/www.musikverein-stammheim.de\/start\/wp-content\/uploads\/2024\/11\/Strichmaennchen-150x150.jpg\" class=\"attachment-thumbnail size-thumbnail\" alt=\"\" \/><\/a>\n\t\t\t<\/dt><\/dl><dl class='gallery-item'>\n\t\t\t<dt class='gallery-icon landscape'>\n\t\t\t\t<a href='https:\/\/www.musikverein-stammheim.de\/start\/medien\/fotos\/2018-2\/erlebnismusik\/attachment\/img_9900\/#main'><img loading=\"lazy\" decoding=\"async\" width=\"150\" height=\"150\" src=\"https:\/\/www.musikverein-stammheim.de\/start\/wp-content\/uploads\/2018\/11\/IMG_9900-150x150.jpg\" class=\"attachment-thumbnail size-thumbnail\" alt=\"\" \/><\/a>\n\t\t\t<\/dt><\/dl><dl class='gallery-item'>\n\t\t\t<dt class='gallery-icon landscape'>\n\t\t\t\t<a href='https:\/\/www.musikverein-stammheim.de\/start\/medien\/fotos\/2018-2\/erlebnismusik\/attachment\/img_9704\/#main'><img loading=\"lazy\" decoding=\"async\" width=\"150\" height=\"150\" src=\"https:\/\/www.musikverein-stammheim.de\/start\/wp-content\/uploads\/2018\/11\/IMG_9704-150x150.jpg\" class=\"attachment-thumbnail size-thumbnail\" alt=\"\" \/><\/a>\n\t\t\t<\/dt><\/dl><br style=\"clear: both\" \/><dl class='gallery-item'>\n\t\t\t<dt class='gallery-icon landscape'>\n\t\t\t\t<a href='https:\/\/www.musikverein-stammheim.de\/start\/medien\/fotos\/2018-2\/erlebnismusik\/attachment\/img_0058\/#main'><img loading=\"lazy\" decoding=\"async\" width=\"150\" height=\"150\" src=\"https:\/\/www.musikverein-stammheim.de\/start\/wp-content\/uploads\/2018\/11\/IMG_0058-150x150.jpg\" class=\"attachment-thumbnail size-thumbnail\" alt=\"\" \/><\/a>\n\t\t\t<\/dt><\/dl><dl class='gallery-item'>\n\t\t\t<dt class='gallery-icon landscape'>\n\t\t\t\t<a href='https:\/\/www.musikverein-stammheim.de\/start\/medien\/fotos\/2018-2\/erlebnismusik\/attachment\/img_9745\/#main'><img loading=\"lazy\" decoding=\"async\" width=\"150\" height=\"150\" src=\"https:\/\/www.musikverein-stammheim.de\/start\/wp-content\/uploads\/2018\/11\/IMG_9745-150x150.jpg\" class=\"attachment-thumbnail size-thumbnail\" alt=\"\" \/><\/a>\n\t\t\t<\/dt><\/dl><dl class='gallery-item'>\n\t\t\t<dt class='gallery-icon landscape'>\n\t\t\t\t<a href='https:\/\/www.musikverein-stammheim.de\/start\/medien\/fotos\/2018-2\/erlebnismusik\/attachment\/img_9976\/#main'><img loading=\"lazy\" decoding=\"async\" width=\"150\" height=\"150\" src=\"https:\/\/www.musikverein-stammheim.de\/start\/wp-content\/uploads\/2018\/11\/IMG_9976-150x150.jpg\" class=\"attachment-thumbnail size-thumbnail\" alt=\"\" \/><\/a>\n\t\t\t<\/dt><\/dl><dl class='gallery-item'>\n\t\t\t<dt class='gallery-icon landscape'>\n\t\t\t\t<a href='https:\/\/www.musikverein-stammheim.de\/start\/medien\/fotos\/2018-2\/erlebnismusik\/attachment\/img_9788\/#main'><img loading=\"lazy\" decoding=\"async\" width=\"150\" height=\"150\" src=\"https:\/\/www.musikverein-stammheim.de\/start\/wp-content\/uploads\/2018\/11\/IMG_9788-150x150.jpg\" class=\"attachment-thumbnail size-thumbnail\" alt=\"\" \/><\/a>\n\t\t\t<\/dt><\/dl><br style=\"clear: both\" \/><dl class='gallery-item'>\n\t\t\t<dt class='gallery-icon landscape'>\n\t\t\t\t<a href='https:\/\/www.musikverein-stammheim.de\/start\/medien\/fotos\/2018-2\/erlebnismusik\/attachment\/img_9794\/#main'><img loading=\"lazy\" decoding=\"async\" width=\"150\" height=\"150\" src=\"https:\/\/www.musikverein-stammheim.de\/start\/wp-content\/uploads\/2018\/11\/IMG_9794-150x150.jpg\" class=\"attachment-thumbnail size-thumbnail\" alt=\"\" \/><\/a>\n\t\t\t<\/dt><\/dl><dl class='gallery-item'>\n\t\t\t<dt class='gallery-icon landscape'>\n\t\t\t\t<a href='https:\/\/www.musikverein-stammheim.de\/start\/medien\/fotos\/2018-2\/erlebnismusik\/attachment\/img_9814\/#main'><img loading=\"lazy\" decoding=\"async\" width=\"150\" height=\"150\" src=\"https:\/\/www.musikverein-stammheim.de\/start\/wp-content\/uploads\/2018\/11\/IMG_9814-150x150.jpg\" class=\"attachment-thumbnail size-thumbnail\" alt=\"\" \/><\/a>\n\t\t\t<\/dt><\/dl><dl class='gallery-item'>\n\t\t\t<dt class='gallery-icon landscape'>\n\t\t\t\t<a href='https:\/\/www.musikverein-stammheim.de\/start\/medien\/fotos\/2018-2\/erlebnismusik\/attachment\/img_9869\/#main'><img loading=\"lazy\" decoding=\"async\" width=\"150\" height=\"150\" src=\"https:\/\/www.musikverein-stammheim.de\/start\/wp-content\/uploads\/2018\/11\/IMG_9869-150x150.jpg\" class=\"attachment-thumbnail size-thumbnail\" alt=\"\" \/><\/a>\n\t\t\t<\/dt><\/dl><dl class='gallery-item'>\n\t\t\t<dt class='gallery-icon landscape'>\n\t\t\t\t<a href='https:\/\/www.musikverein-stammheim.de\/start\/medien\/fotos\/2018-2\/erlebnismusik\/attachment\/img_9836\/#main'><img loading=\"lazy\" decoding=\"async\" width=\"150\" height=\"150\" src=\"https:\/\/www.musikverein-stammheim.de\/start\/wp-content\/uploads\/2018\/11\/IMG_9836-150x150.jpg\" class=\"attachment-thumbnail size-thumbnail\" alt=\"\" \/><\/a>\n\t\t\t<\/dt><\/dl><br style=\"clear: both\" \/><dl class='gallery-item'>\n\t\t\t<dt class='gallery-icon landscape'>\n\t\t\t\t<a href='https:\/\/www.musikverein-stammheim.de\/start\/medien\/fotos\/2018-2\/erlebnismusik\/attachment\/img_9842\/#main'><img loading=\"lazy\" decoding=\"async\" width=\"150\" height=\"150\" src=\"https:\/\/www.musikverein-stammheim.de\/start\/wp-content\/uploads\/2018\/11\/IMG_9842-150x150.jpg\" class=\"attachment-thumbnail size-thumbnail\" alt=\"\" \/><\/a>\n\t\t\t<\/dt><\/dl><dl class='gallery-item'>\n\t\t\t<dt class='gallery-icon landscape'>\n\t\t\t\t<a href='https:\/\/www.musikverein-stammheim.de\/start\/medien\/fotos\/2014-2\/erlebnismusik\/attachment\/sony-dsc-675\/#main'><img loading=\"lazy\" decoding=\"async\" width=\"150\" height=\"150\" src=\"https:\/\/www.musikverein-stammheim.de\/start\/wp-content\/uploads\/2014\/11\/DSC02769-150x150.jpg\" class=\"attachment-thumbnail size-thumbnail\" alt=\"Erlebnismusik 2014\" \/><\/a>\n\t\t\t<\/dt><\/dl><dl class='gallery-item'>\n\t\t\t<dt class='gallery-icon landscape'>\n\t\t\t\t<a href='https:\/\/www.musikverein-stammheim.de\/start\/medien\/fotos\/2014-2\/erlebnismusik\/attachment\/sony-dsc-699\/#main'><img loading=\"lazy\" decoding=\"async\" width=\"150\" height=\"150\" src=\"https:\/\/www.musikverein-stammheim.de\/start\/wp-content\/uploads\/2014\/11\/DSC02811-150x150.jpg\" class=\"attachment-thumbnail size-thumbnail\" alt=\"Erlebnismusik 2014\" \/><\/a>\n\t\t\t<\/dt><\/dl><dl class='gallery-item'>\n\t\t\t<dt class='gallery-icon landscape'>\n\t\t\t\t<a href='https:\/\/www.musikverein-stammheim.de\/start\/medien\/fotos\/2014-2\/erlebnismusik\/attachment\/sony-dsc-682\/#main'><img loading=\"lazy\" decoding=\"async\" width=\"150\" height=\"150\" src=\"https:\/\/www.musikverein-stammheim.de\/start\/wp-content\/uploads\/2014\/11\/DSC02780-150x150.jpg\" class=\"attachment-thumbnail size-thumbnail\" alt=\"Erlebnismusik 2014\" \/><\/a>\n\t\t\t<\/dt><\/dl><br style=\"clear: both\" \/><dl class='gallery-item'>\n\t\t\t<dt class='gallery-icon landscape'>\n\t\t\t\t<a href='https:\/\/www.musikverein-stammheim.de\/start\/medien\/fotos\/2014-2\/erlebnismusik\/attachment\/sony-dsc-719\/#main'><img loading=\"lazy\" decoding=\"async\" width=\"150\" height=\"150\" src=\"https:\/\/www.musikverein-stammheim.de\/start\/wp-content\/uploads\/2014\/11\/DSC02843-150x150.jpg\" class=\"attachment-thumbnail size-thumbnail\" alt=\"Erlebnismusik 2014\" \/><\/a>\n\t\t\t<\/dt><\/dl>\n\t\t\t<br style='clear: both' \/>\n\t\t<\/div>\n\n<p><strong>Mehr Bilder gibt es in den Galerien unserer vergangenen Konzerte:<\/strong><\/p>\n<ul>\n<li><a href=\"https:\/\/www.musikverein-stammheim.de\/start\/medien\/fotos\/2024-fotos\/erlebnismusik-2024\/\">Erlebnismusik 2024<\/a><\/li>\n<li><a href=\"https:\/\/www.musikverein-stammheim.de\/start\/medien\/fotos\/2018-2\/erlebnismusik\/\">Erlebnismusik 2018<\/a><\/li>\n<li><a href=\"https:\/\/www.musikverein-stammheim.de\/start\/fotos\/2014-2\/erlebnismusik\/\">Erlebnismusik 2014<\/a><\/li>\n<\/ul>\n","protected":false},"excerpt":{"rendered":"<p>Bei der Erlebnismusik verwandelt der Musikverein Stammheim das Foyer des Maria-von-Linden\u00ad Gymnasiums in eine Show\u00adb\u00fchne. Neben musikalischen Highlights, ist hier vor allem auch etwas f\u00fcrs Auge geboten. Sketche, aufw\u00e4ndige Kost\u00fcme <a class=\"more-link\" href=\"https:\/\/www.musikverein-stammheim.de\/start\/ueber-uns\/highlights\/erlebnismusik\/\">Weiterlesen \u2192<\/a><\/p>\n","protected":false},"author":1,"featured_media":0,"parent":4934,"menu_order":0,"comment_status":"closed","ping_status":"closed","template":"","meta":{"footnotes":""},"class_list":["post-4950","page","type-page","status-publish","hentry"],"_links":{"self":[{"href":"https:\/\/www.musikverein-stammheim.de\/start\/wp-json\/wp\/v2\/pages\/4950","targetHints":{"allow":["GET"]}}],"collection":[{"href":"https:\/\/www.musikverein-stammheim.de\/start\/wp-json\/wp\/v2\/pages"}],"about":[{"href":"https:\/\/www.musikverein-stammheim.de\/start\/wp-json\/wp\/v2\/types\/page"}],"author":[{"embeddable":true,"href":"https:\/\/www.musikverein-stammheim.de\/start\/wp-json\/wp\/v2\/users\/1"}],"replies":[{"embeddable":true,"href":"https:\/\/www.musikverein-stammheim.de\/start\/wp-json\/wp\/v2\/comments?post=4950"}],"version-history":[{"count":7,"href":"https:\/\/www.musikverein-stammheim.de\/start\/wp-json\/wp\/v2\/pages\/4950\/revisions"}],"predecessor-version":[{"id":8162,"href":"https:\/\/www.musikverein-stammheim.de\/start\/wp-json\/wp\/v2\/pages\/4950\/revisions\/8162"}],"up":[{"embeddable":true,"href":"https:\/\/www.musikverein-stammheim.de\/start\/wp-json\/wp\/v2\/pages\/4934"}],"wp:attachment":[{"href":"https:\/\/www.musikverein-stammheim.de\/start\/wp-json\/wp\/v2\/media?parent=4950"}],"curies":[{"name":"wp","href":"https:\/\/api.w.org\/{rel}","templated":true}]}}