{"id":4976,"date":"2018-01-19T00:04:51","date_gmt":"2018-01-18T22:04:51","guid":{"rendered":"http:\/\/www.musikverein-stammheim.de\/start\/?page_id=4976"},"modified":"2025-06-24T11:01:50","modified_gmt":"2025-06-24T09:01:50","slug":"kulinarischer-marktplatz","status":"publish","type":"page","link":"https:\/\/www.musikverein-stammheim.de\/start\/ueber-uns\/highlights\/kulinarischer-marktplatz\/","title":{"rendered":"Kulinarischer Marktplatz"},"content":{"rendered":"<p>Alle zwei Jahre dreht sich das kulinarische Karussell mit K\u00f6stlichkeiten in der Stammheimer Ortsmitte. Im j\u00e4hrlichen Wechsel mit dem Stammheimer Fleckenfest wird diese Veranstaltung allein vom Musikverein Stammheim organisiert. Mit kleinem Barbetrieb und kulinarischen Gerichten aus aller Welt l\u00e4dt der Marktplatz f\u00fcr gem\u00fctliche Stunden zum Verweilen ein. Neben den klassischen Gerichten wie Pommes, Rote und Steak, erwarten die G\u00e4ste auch kulinarische Highlights wie ein Pulled-Pork-Burger, Pide, Dinnede oder Salat mit Calamari. Unser K\u00fcchenteam denkt sich immer wieder neue Leckereien aus. F\u00fcr die musikalische Untermalung sorgen unsere Jugendkapelle, befreundete Kapellen und in den letzten Jahren die Band Front Rear.<\/p>\n<p><strong>Highlights aus den vergangenen Jahren:<\/strong><\/p>\n\n\t\t<style type=\"text\/css\">\n\t\t\t#gallery-1 {\n\t\t\t\tmargin: auto;\n\t\t\t}\n\t\t\t#gallery-1 .gallery-item {\n\t\t\t\tfloat: left;\n\t\t\t\tmargin-top: 10px;\n\t\t\t\ttext-align: center;\n\t\t\t\twidth: 25%;\n\t\t\t}\n\t\t\t#gallery-1 img {\n\t\t\t\tborder: 2px solid #cfcfcf;\n\t\t\t}\n\t\t\t#gallery-1 .gallery-caption {\n\t\t\t\tmargin-left: 0;\n\t\t\t}\n\t\t\t\/* see gallery_shortcode() in wp-includes\/media.php *\/\n\t\t<\/style>\n\t\t<div id='gallery-1' class='gallery galleryid-4976 gallery-columns-4 gallery-size-thumbnail'><dl class='gallery-item'>\n\t\t\t<dt class='gallery-icon landscape'>\n\t\t\t\t<a href='https:\/\/www.musikverein-stammheim.de\/start\/allgemein\/verfuehrerische-duefte-locken-besucher\/attachment\/img_5786\/#main'><img loading=\"lazy\" decoding=\"async\" width=\"150\" height=\"150\" src=\"https:\/\/www.musikverein-stammheim.de\/start\/wp-content\/uploads\/2017\/07\/IMG_5786-150x150.jpg\" class=\"attachment-thumbnail size-thumbnail\" alt=\"Hocketse Musikverein Stammheim\" \/><\/a>\n\t\t\t<\/dt><\/dl><dl class='gallery-item'>\n\t\t\t<dt class='gallery-icon landscape'>\n\t\t\t\t<a href='https:\/\/www.musikverein-stammheim.de\/start\/ueber-uns\/highlights\/attachment\/img_2230\/#main'><img loading=\"lazy\" decoding=\"async\" width=\"150\" height=\"150\" src=\"https:\/\/www.musikverein-stammheim.de\/start\/wp-content\/uploads\/2015\/07\/IMG_2230-150x150.jpg\" class=\"attachment-thumbnail size-thumbnail\" alt=\"\" \/><\/a>\n\t\t\t<\/dt><\/dl><dl class='gallery-item'>\n\t\t\t<dt class='gallery-icon landscape'>\n\t\t\t\t<a href='https:\/\/www.musikverein-stammheim.de\/start\/img_2137-2\/'><img loading=\"lazy\" decoding=\"async\" width=\"150\" height=\"150\" src=\"https:\/\/www.musikverein-stammheim.de\/start\/wp-content\/uploads\/2015\/07\/IMG_21371-150x150.jpg\" class=\"attachment-thumbnail size-thumbnail\" alt=\"\" \/><\/a>\n\t\t\t<\/dt><\/dl><dl class='gallery-item'>\n\t\t\t<dt class='gallery-icon landscape'>\n\t\t\t\t<a href='https:\/\/www.musikverein-stammheim.de\/start\/img_2206\/'><img loading=\"lazy\" decoding=\"async\" width=\"150\" height=\"150\" src=\"https:\/\/www.musikverein-stammheim.de\/start\/wp-content\/uploads\/2015\/07\/IMG_2206-150x150.jpg\" class=\"attachment-thumbnail size-thumbnail\" alt=\"\" \/><\/a>\n\t\t\t<\/dt><\/dl><br style=\"clear: both\" \/><dl class='gallery-item'>\n\t\t\t<dt class='gallery-icon landscape'>\n\t\t\t\t<a href='https:\/\/www.musikverein-stammheim.de\/start\/sony-dsc-186\/'><img loading=\"lazy\" decoding=\"async\" width=\"150\" height=\"150\" src=\"https:\/\/www.musikverein-stammheim.de\/start\/wp-content\/uploads\/2014\/03\/DSC08313-150x150.jpg\" class=\"attachment-thumbnail size-thumbnail\" alt=\"\" \/><\/a>\n\t\t\t<\/dt><\/dl><dl class='gallery-item'>\n\t\t\t<dt class='gallery-icon landscape'>\n\t\t\t\t<a href='https:\/\/www.musikverein-stammheim.de\/start\/ueber-uns\/highlights\/attachment\/img_3429-2\/#main'><img loading=\"lazy\" decoding=\"async\" width=\"150\" height=\"150\" src=\"https:\/\/www.musikverein-stammheim.de\/start\/wp-content\/uploads\/2022\/08\/IMG_3429-1-150x150.jpg\" class=\"attachment-thumbnail size-thumbnail\" alt=\"\" \/><\/a>\n\t\t\t<\/dt><\/dl><dl class='gallery-item'>\n\t\t\t<dt class='gallery-icon landscape'>\n\t\t\t\t<a href='https:\/\/www.musikverein-stammheim.de\/start\/img_3607\/'><img loading=\"lazy\" decoding=\"async\" width=\"150\" height=\"150\" src=\"https:\/\/www.musikverein-stammheim.de\/start\/wp-content\/uploads\/2022\/08\/IMG_3607-150x150.jpg\" class=\"attachment-thumbnail size-thumbnail\" alt=\"\" \/><\/a>\n\t\t\t<\/dt><\/dl><dl class='gallery-item'>\n\t\t\t<dt class='gallery-icon landscape'>\n\t\t\t\t<a href='https:\/\/www.musikverein-stammheim.de\/start\/img_3504\/'><img loading=\"lazy\" decoding=\"async\" width=\"150\" height=\"150\" src=\"https:\/\/www.musikverein-stammheim.de\/start\/wp-content\/uploads\/2022\/08\/IMG_3504-150x150.jpg\" class=\"attachment-thumbnail size-thumbnail\" alt=\"\" \/><\/a>\n\t\t\t<\/dt><\/dl><br style=\"clear: both\" \/><dl class='gallery-item'>\n\t\t\t<dt class='gallery-icon landscape'>\n\t\t\t\t<a href='https:\/\/www.musikverein-stammheim.de\/start\/img_3624\/'><img loading=\"lazy\" decoding=\"async\" width=\"150\" height=\"150\" src=\"https:\/\/www.musikverein-stammheim.de\/start\/wp-content\/uploads\/2022\/08\/IMG_3624-150x150.jpg\" class=\"attachment-thumbnail size-thumbnail\" alt=\"\" \/><\/a>\n\t\t\t<\/dt><\/dl><dl class='gallery-item'>\n\t\t\t<dt class='gallery-icon landscape'>\n\t\t\t\t<a href='https:\/\/www.musikverein-stammheim.de\/start\/img_3564\/'><img loading=\"lazy\" decoding=\"async\" width=\"150\" height=\"150\" src=\"https:\/\/www.musikverein-stammheim.de\/start\/wp-content\/uploads\/2022\/08\/IMG_3564-150x150.jpg\" class=\"attachment-thumbnail size-thumbnail\" alt=\"\" \/><\/a>\n\t\t\t<\/dt><\/dl><dl class='gallery-item'>\n\t\t\t<dt class='gallery-icon landscape'>\n\t\t\t\t<a href='https:\/\/www.musikverein-stammheim.de\/start\/medien\/fotos\/2024-fotos\/kulinarischer-marktplatz-2024\/attachment\/dsc_3540\/#main'><img loading=\"lazy\" decoding=\"async\" width=\"150\" height=\"150\" src=\"https:\/\/www.musikverein-stammheim.de\/start\/wp-content\/uploads\/2024\/07\/DSC_3540-150x150.jpg\" class=\"attachment-thumbnail size-thumbnail\" alt=\"\" \/><\/a>\n\t\t\t<\/dt><\/dl><dl class='gallery-item'>\n\t\t\t<dt class='gallery-icon landscape'>\n\t\t\t\t<a href='https:\/\/www.musikverein-stammheim.de\/start\/medien\/fotos\/2024-fotos\/kulinarischer-marktplatz-2024\/attachment\/dsc_3288-2\/#main'><img loading=\"lazy\" decoding=\"async\" width=\"150\" height=\"150\" src=\"https:\/\/www.musikverein-stammheim.de\/start\/wp-content\/uploads\/2024\/07\/DSC_3288-1-150x150.jpg\" class=\"attachment-thumbnail size-thumbnail\" alt=\"\" \/><\/a>\n\t\t\t<\/dt><\/dl><br style=\"clear: both\" \/><dl class='gallery-item'>\n\t\t\t<dt class='gallery-icon landscape'>\n\t\t\t\t<a href='https:\/\/www.musikverein-stammheim.de\/start\/medien\/fotos\/2024-fotos\/kulinarischer-marktplatz-2024\/attachment\/dsc_3000\/#main'><img loading=\"lazy\" decoding=\"async\" width=\"150\" height=\"150\" src=\"https:\/\/www.musikverein-stammheim.de\/start\/wp-content\/uploads\/2024\/07\/DSC_3000-150x150.jpg\" class=\"attachment-thumbnail size-thumbnail\" alt=\"\" \/><\/a>\n\t\t\t<\/dt><\/dl><dl class='gallery-item'>\n\t\t\t<dt class='gallery-icon landscape'>\n\t\t\t\t<a href='https:\/\/www.musikverein-stammheim.de\/start\/medien\/fotos\/2024-fotos\/kulinarischer-marktplatz-2024\/attachment\/dsc_3403\/#main'><img loading=\"lazy\" decoding=\"async\" width=\"150\" height=\"150\" src=\"https:\/\/www.musikverein-stammheim.de\/start\/wp-content\/uploads\/2024\/07\/DSC_3403-150x150.jpg\" class=\"attachment-thumbnail size-thumbnail\" alt=\"\" \/><\/a>\n\t\t\t<\/dt><\/dl>\n\t\t\t<br style='clear: both' \/>\n\t\t<\/div>\n\n<p><strong>Mehr Bilder gibt es in der Galerie:<\/strong><\/p>\n<ul>\n<li><a href=\"https:\/\/www.musikverein-stammheim.de\/start\/medien\/fotos\/2024-fotos\/kulinarischer-marktplatz-2024\/\">Kulinarischer Marktplatz 2024<\/a><\/li>\n<li><a href=\"https:\/\/www.musikverein-stammheim.de\/start\/medien\/fotos\/2022-2\/kulinarischer-marktplatz-2022\/\">Kulinarischer Marktplatz 2022<\/a><\/li>\n<li><a href=\"https:\/\/www.musikverein-stammheim.de\/start\/kulinarischer-marktplatz-2\/\">Kulinarischer Marktplatz 2015<\/a><\/li>\n<li><a href=\"https:\/\/www.musikverein-stammheim.de\/start\/kulinarischer-marktplatz\/\">Kulinarischer Marktplatz 2013<\/a><\/li>\n<\/ul>\n\n\n<p><\/p>\n","protected":false},"excerpt":{"rendered":"<p>Alle zwei Jahre dreht sich das kulinarische Karussell mit K\u00f6stlichkeiten in der Stammheimer Ortsmitte. Im j\u00e4hrlichen Wechsel mit dem Stammheimer Fleckenfest wird diese Veranstaltung allein vom Musikverein Stammheim organisiert. Mit <a class=\"more-link\" href=\"https:\/\/www.musikverein-stammheim.de\/start\/ueber-uns\/highlights\/kulinarischer-marktplatz\/\">Weiterlesen \u2192<\/a><\/p>\n","protected":false},"author":1,"featured_media":0,"parent":4934,"menu_order":0,"comment_status":"closed","ping_status":"closed","template":"","meta":{"footnotes":""},"class_list":["post-4976","page","type-page","status-publish","hentry"],"_links":{"self":[{"href":"https:\/\/www.musikverein-stammheim.de\/start\/wp-json\/wp\/v2\/pages\/4976","targetHints":{"allow":["GET"]}}],"collection":[{"href":"https:\/\/www.musikverein-stammheim.de\/start\/wp-json\/wp\/v2\/pages"}],"about":[{"href":"https:\/\/www.musikverein-stammheim.de\/start\/wp-json\/wp\/v2\/types\/page"}],"author":[{"embeddable":true,"href":"https:\/\/www.musikverein-stammheim.de\/start\/wp-json\/wp\/v2\/users\/1"}],"replies":[{"embeddable":true,"href":"https:\/\/www.musikverein-stammheim.de\/start\/wp-json\/wp\/v2\/comments?post=4976"}],"version-history":[{"count":5,"href":"https:\/\/www.musikverein-stammheim.de\/start\/wp-json\/wp\/v2\/pages\/4976\/revisions"}],"predecessor-version":[{"id":8165,"href":"https:\/\/www.musikverein-stammheim.de\/start\/wp-json\/wp\/v2\/pages\/4976\/revisions\/8165"}],"up":[{"embeddable":true,"href":"https:\/\/www.musikverein-stammheim.de\/start\/wp-json\/wp\/v2\/pages\/4934"}],"wp:attachment":[{"href":"https:\/\/www.musikverein-stammheim.de\/start\/wp-json\/wp\/v2\/media?parent=4976"}],"curies":[{"name":"wp","href":"https:\/\/api.w.org\/{rel}","templated":true}]}}