{"id":5490,"date":"2019-04-08T18:47:40","date_gmt":"2019-04-08T16:47:40","guid":{"rendered":"https:\/\/www.musikverein-stammheim.de\/start\/?page_id=5490"},"modified":"2022-03-27T12:12:20","modified_gmt":"2022-03-27T10:12:20","slug":"vorverkauf-fruehjahrskonzert-2022","status":"publish","type":"page","link":"https:\/\/www.musikverein-stammheim.de\/start\/vorverkauf-fruehjahrskonzert-2022\/","title":{"rendered":"Vorverkauf Fr\u00fchjahrskonzert 2022"},"content":{"rendered":"<p>[ezcol_1third]<a href=\"https:\/\/www.musikverein-stammheim.de\/start\/vorverkauf-fruehjahrskonzert-2022\/attachment\/flyer-dina5-stammheim_fjk_2022\/#main\" rel=\"attachment wp-att-5496\"><img loading=\"lazy\" decoding=\"async\" class=\"alignleft wp-image-6348 size-medium\" src=\"https:\/\/www.musikverein-stammheim.de\/start\/wp-content\/uploads\/2022\/03\/Flyer-DINA5-Stammheim_FJK_2022-212x300.jpg\" alt=\"\" width=\"212\" height=\"300\" srcset=\"https:\/\/www.musikverein-stammheim.de\/start\/wp-content\/uploads\/2022\/03\/Flyer-DINA5-Stammheim_FJK_2022-212x300.jpg 212w, https:\/\/www.musikverein-stammheim.de\/start\/wp-content\/uploads\/2022\/03\/Flyer-DINA5-Stammheim_FJK_2022-722x1024.jpg 722w, https:\/\/www.musikverein-stammheim.de\/start\/wp-content\/uploads\/2022\/03\/Flyer-DINA5-Stammheim_FJK_2022-768x1089.jpg 768w, https:\/\/www.musikverein-stammheim.de\/start\/wp-content\/uploads\/2022\/03\/Flyer-DINA5-Stammheim_FJK_2022.jpg 863w\" sizes=\"auto, (max-width: 212px) 100vw, 212px\" \/><\/a>[\/ezcol_1third] [ezcol_2third_end]Hier haben Sie die M\u00f6glichkeit Karten f\u00fcr unser Fr\u00fchjahrskonzert am 23. April vorzubestellen.<br \/>\nEine Karte kostet im Vorverkauf 16\u20ac (Abendkasse 18\u20ac)<br \/>\n\u00dcberweisen Sie dazu bitte den erforderlichen Betrag auf unser Konto:<br \/>\nMusikverein Stammheim e.V.<br \/>\nSparkasse Pforzheim Calw<br \/>\nIBAN: DE97 6665 0085 0000 0024 29<br \/>\nBIC: PZHSDE66XXX[\/ezcol_2third_end]Teilen Sie \u00fcber unser Kontaktformular folgende Angaben mit<\/p>\n<ul>\n<li>Ihren vollst\u00e4ndigen Namen<\/li>\n<li>die gew\u00fcnschte Anzahl der Karten<\/li>\n<\/ul>\n<p>Bei eingegangener Zahlung werden die Karten an der Abendkasse f\u00fcr Sie hinterlegt.<\/p>\n<p class=\"wpcf7-contact-form-not-found\"><strong>Fehler:<\/strong> Kontaktformular wurde nicht gefunden.<\/p>\n","protected":false},"excerpt":{"rendered":"<p>[ezcol_1third][\/ezcol_1third] [ezcol_2third_end]Hier haben Sie die M\u00f6glichkeit Karten f\u00fcr unser Fr\u00fchjahrskonzert am 23. April vorzubestellen. Eine Karte kostet im Vorverkauf 16\u20ac (Abendkasse 18\u20ac) \u00dcberweisen Sie dazu bitte den erforderlichen Betrag auf <a class=\"more-link\" href=\"https:\/\/www.musikverein-stammheim.de\/start\/vorverkauf-fruehjahrskonzert-2022\/\">Weiterlesen \u2192<\/a><\/p>\n","protected":false},"author":1,"featured_media":0,"parent":0,"menu_order":0,"comment_status":"closed","ping_status":"closed","template":"","meta":{"footnotes":""},"class_list":["post-5490","page","type-page","status-publish","hentry"],"_links":{"self":[{"href":"https:\/\/www.musikverein-stammheim.de\/start\/wp-json\/wp\/v2\/pages\/5490","targetHints":{"allow":["GET"]}}],"collection":[{"href":"https:\/\/www.musikverein-stammheim.de\/start\/wp-json\/wp\/v2\/pages"}],"about":[{"href":"https:\/\/www.musikverein-stammheim.de\/start\/wp-json\/wp\/v2\/types\/page"}],"author":[{"embeddable":true,"href":"https:\/\/www.musikverein-stammheim.de\/start\/wp-json\/wp\/v2\/users\/1"}],"replies":[{"embeddable":true,"href":"https:\/\/www.musikverein-stammheim.de\/start\/wp-json\/wp\/v2\/comments?post=5490"}],"version-history":[{"count":14,"href":"https:\/\/www.musikverein-stammheim.de\/start\/wp-json\/wp\/v2\/pages\/5490\/revisions"}],"predecessor-version":[{"id":6350,"href":"https:\/\/www.musikverein-stammheim.de\/start\/wp-json\/wp\/v2\/pages\/5490\/revisions\/6350"}],"wp:attachment":[{"href":"https:\/\/www.musikverein-stammheim.de\/start\/wp-json\/wp\/v2\/media?parent=5490"}],"curies":[{"name":"wp","href":"https:\/\/api.w.org\/{rel}","templated":true}]}}