{"id":5632,"date":"2019-08-04T17:05:29","date_gmt":"2019-08-04T15:05:29","guid":{"rendered":"https:\/\/www.musikverein-stammheim.de\/start\/?page_id=5632"},"modified":"2024-12-11T15:54:32","modified_gmt":"2024-12-11T13:54:32","slug":"klangfroesche","status":"publish","type":"page","link":"https:\/\/www.musikverein-stammheim.de\/start\/mv-jugend\/musikalische-frueherziehung\/klangfroesche\/","title":{"rendered":"Klangfr\u00f6sche"},"content":{"rendered":"<p>Seit September 2021 treffen sich die \u201eKlangfr\u00f6sche\u201c 1x w\u00f6chentlich zum gemeinsamen Singen und Musizieren mit Orffinstrumenten. Auf spielerische Weise kommen die Kinder ebenfalls in ersten Kontakt mit der Musiklehre. Auch dieses Jahr sind wir wieder mit einer neuen Gruppe gestartet.<a href=\"https:\/\/www.musikverein-stammheim.de\/start\/mv-jugend\/musikalische-frueherziehung\/klangfroesche\/attachment\/img_0349\/#main\" rel=\"attachment wp-att-5633\"><br \/>\n<img loading=\"lazy\" decoding=\"async\" class=\"size-medium wp-image-5633 alignright\" src=\"https:\/\/www.musikverein-stammheim.de\/start\/wp-content\/uploads\/2019\/08\/IMG_0349-254x300.jpg\" alt=\"\" width=\"254\" height=\"300\" srcset=\"https:\/\/www.musikverein-stammheim.de\/start\/wp-content\/uploads\/2019\/08\/IMG_0349-254x300.jpg 254w, https:\/\/www.musikverein-stammheim.de\/start\/wp-content\/uploads\/2019\/08\/IMG_0349-768x907.jpg 768w, https:\/\/www.musikverein-stammheim.de\/start\/wp-content\/uploads\/2019\/08\/IMG_0349-867x1024.jpg 867w, https:\/\/www.musikverein-stammheim.de\/start\/wp-content\/uploads\/2019\/08\/IMG_0349.jpg 1213w\" sizes=\"auto, (max-width: 254px) 100vw, 254px\" \/><\/a><\/p>\n<p><strong>Wann und wo?<\/strong><br \/>\nDonnerstag<br \/>\n14:30\u201315:30 Uhr<br \/>\nVereinsheim des Musikvereins Stammheim im Winkeltal (ausgenommen der Schulferien)<\/p>\n<p><strong>Kosten<\/strong><br \/>\n25\u20ac pro Monat pro Kind<br \/>\nHinweis: Der August ist beitragsfrei. Die Kinder erhalten eine kostenlose Mitgliedschaft im Verein.<br \/>\nEinmalige Anschaffungskosten des Leitfadens f\u00fcr musikalische Fr\u00fcherziehung ca 20\u20ac.<\/p>\n<p><strong>Dauer des Kurses<br \/>\n<\/strong>2 Jahre<\/p>\n<p>Die &#8220;Klangfr\u00f6sche&#8221; bestehen immer aus zwei Gruppen. Den &#8220;Klangfr\u00f6schen I&#8221; (1. Jahr) und den &#8220;Klangfr\u00f6schen II&#8221; (2. Jahr). Nach dem ersten Jahr erfolgt ein nahtloser \u00dcbergang, sodass Pl\u00e4tze f\u00fcr neue musikbegeisterte Kinder geschaffen werden. Die &#8220;Klangfr\u00f6sche II&#8221; treffen sich aktuell immer Donnerstags von 16:00-17:00 Uhr.<\/p>\n<p>Wir haben Ihr Interesse geweckt? Dann nehmen Sie\u00a0<a href=\"mailto: Sandra.klumpp@web.de\">Kontakt mit der Kursleiterin auf.<\/a>\u00a0Die Pl\u00e4tze sind begrenzt.\u00a0Das Anmeldeformular finden Sie <a href=\"https:\/\/www.musikverein-stammheim.de\/mvpdfs\/191022_Anmeldeformular_musikalische_Frueherziehung.pdf\">hier<\/a>.<\/p>\n","protected":false},"excerpt":{"rendered":"<p>Seit September 2021 treffen sich die \u201eKlangfr\u00f6sche\u201c 1x w\u00f6chentlich zum gemeinsamen Singen und Musizieren mit Orffinstrumenten. Auf spielerische Weise kommen die Kinder ebenfalls in ersten Kontakt mit der Musiklehre. Auch <a class=\"more-link\" href=\"https:\/\/www.musikverein-stammheim.de\/start\/mv-jugend\/musikalische-frueherziehung\/klangfroesche\/\">Weiterlesen \u2192<\/a><\/p>\n","protected":false},"author":1,"featured_media":0,"parent":5623,"menu_order":0,"comment_status":"closed","ping_status":"closed","template":"","meta":{"footnotes":""},"class_list":["post-5632","page","type-page","status-publish","hentry"],"_links":{"self":[{"href":"https:\/\/www.musikverein-stammheim.de\/start\/wp-json\/wp\/v2\/pages\/5632","targetHints":{"allow":["GET"]}}],"collection":[{"href":"https:\/\/www.musikverein-stammheim.de\/start\/wp-json\/wp\/v2\/pages"}],"about":[{"href":"https:\/\/www.musikverein-stammheim.de\/start\/wp-json\/wp\/v2\/types\/page"}],"author":[{"embeddable":true,"href":"https:\/\/www.musikverein-stammheim.de\/start\/wp-json\/wp\/v2\/users\/1"}],"replies":[{"embeddable":true,"href":"https:\/\/www.musikverein-stammheim.de\/start\/wp-json\/wp\/v2\/comments?post=5632"}],"version-history":[{"count":15,"href":"https:\/\/www.musikverein-stammheim.de\/start\/wp-json\/wp\/v2\/pages\/5632\/revisions"}],"predecessor-version":[{"id":7766,"href":"https:\/\/www.musikverein-stammheim.de\/start\/wp-json\/wp\/v2\/pages\/5632\/revisions\/7766"}],"up":[{"embeddable":true,"href":"https:\/\/www.musikverein-stammheim.de\/start\/wp-json\/wp\/v2\/pages\/5623"}],"wp:attachment":[{"href":"https:\/\/www.musikverein-stammheim.de\/start\/wp-json\/wp\/v2\/media?parent=5632"}],"curies":[{"name":"wp","href":"https:\/\/api.w.org\/{rel}","templated":true}]}}