{"id":5636,"date":"2019-08-04T17:08:32","date_gmt":"2019-08-04T15:08:32","guid":{"rendered":"https:\/\/www.musikverein-stammheim.de\/start\/?page_id=5636"},"modified":"2024-12-11T15:52:42","modified_gmt":"2024-12-11T13:52:42","slug":"musikzwerge","status":"publish","type":"page","link":"https:\/\/www.musikverein-stammheim.de\/start\/mv-jugend\/musikalische-frueherziehung\/musikzwerge\/","title":{"rendered":"Musikzwerge"},"content":{"rendered":"<p>Leider pausiert diese Gruppe aktuell.<\/p>\n<p>Die \u201eMusikzwerge\u201c treffen sich 1x w\u00f6chentlich im Rahmen einer musikalischen \u201eKrabbelgruppe\u201c.<a href=\"https:\/\/www.musikverein-stammheim.de\/start\/mv-jugend\/musikalische-frueherziehung\/musikzwerge\/attachment\/bildschirmfoto-2019-08-04-um-17-42-44\/#main\" rel=\"attachment wp-att-5657\"><img loading=\"lazy\" decoding=\"async\" class=\"size-medium wp-image-5657 alignright\" src=\"https:\/\/www.musikverein-stammheim.de\/start\/wp-content\/uploads\/2019\/08\/Bildschirmfoto-2019-08-04-um-17.42.44-254x300.png\" alt=\"\" width=\"254\" height=\"300\" srcset=\"https:\/\/www.musikverein-stammheim.de\/start\/wp-content\/uploads\/2019\/08\/Bildschirmfoto-2019-08-04-um-17.42.44-254x300.png 254w, https:\/\/www.musikverein-stammheim.de\/start\/wp-content\/uploads\/2019\/08\/Bildschirmfoto-2019-08-04-um-17.42.44-768x905.png 768w, https:\/\/www.musikverein-stammheim.de\/start\/wp-content\/uploads\/2019\/08\/Bildschirmfoto-2019-08-04-um-17.42.44-869x1024.png 869w, https:\/\/www.musikverein-stammheim.de\/start\/wp-content\/uploads\/2019\/08\/Bildschirmfoto-2019-08-04-um-17.42.44.png 1213w\" sizes=\"auto, (max-width: 254px) 100vw, 254px\" \/><\/a><\/p>\n<p><strong>Ablauf \/ Programm:<\/strong><\/p>\n<ul>\n<li>gemeinsame musikalische Begr\u00fc\u00dfung<\/li>\n<li>musikalische Einheit (Singen, Musizieren mit Orffinstrumenten, Tanzen, K\u00f6rperwahrnehmung&#8230;)<\/li>\n<li>gemeinsame Zeit zum Spielen, Vespern, Austauschen<\/li>\n<li>gemeinsamer musikalischer Abschluss<\/li>\n<\/ul>\n","protected":false},"excerpt":{"rendered":"<p>Leider pausiert diese Gruppe aktuell. Die \u201eMusikzwerge\u201c treffen sich 1x w\u00f6chentlich im Rahmen einer musikalischen \u201eKrabbelgruppe\u201c. Ablauf \/ Programm: gemeinsame musikalische Begr\u00fc\u00dfung musikalische Einheit (Singen, Musizieren mit Orffinstrumenten, Tanzen, K\u00f6rperwahrnehmung&#8230;) <a class=\"more-link\" href=\"https:\/\/www.musikverein-stammheim.de\/start\/mv-jugend\/musikalische-frueherziehung\/musikzwerge\/\">Weiterlesen \u2192<\/a><\/p>\n","protected":false},"author":1,"featured_media":0,"parent":5623,"menu_order":0,"comment_status":"closed","ping_status":"closed","template":"","meta":{"footnotes":""},"class_list":["post-5636","page","type-page","status-publish","hentry"],"_links":{"self":[{"href":"https:\/\/www.musikverein-stammheim.de\/start\/wp-json\/wp\/v2\/pages\/5636","targetHints":{"allow":["GET"]}}],"collection":[{"href":"https:\/\/www.musikverein-stammheim.de\/start\/wp-json\/wp\/v2\/pages"}],"about":[{"href":"https:\/\/www.musikverein-stammheim.de\/start\/wp-json\/wp\/v2\/types\/page"}],"author":[{"embeddable":true,"href":"https:\/\/www.musikverein-stammheim.de\/start\/wp-json\/wp\/v2\/users\/1"}],"replies":[{"embeddable":true,"href":"https:\/\/www.musikverein-stammheim.de\/start\/wp-json\/wp\/v2\/comments?post=5636"}],"version-history":[{"count":21,"href":"https:\/\/www.musikverein-stammheim.de\/start\/wp-json\/wp\/v2\/pages\/5636\/revisions"}],"predecessor-version":[{"id":7764,"href":"https:\/\/www.musikverein-stammheim.de\/start\/wp-json\/wp\/v2\/pages\/5636\/revisions\/7764"}],"up":[{"embeddable":true,"href":"https:\/\/www.musikverein-stammheim.de\/start\/wp-json\/wp\/v2\/pages\/5623"}],"wp:attachment":[{"href":"https:\/\/www.musikverein-stammheim.de\/start\/wp-json\/wp\/v2\/media?parent=5636"}],"curies":[{"name":"wp","href":"https:\/\/api.w.org\/{rel}","templated":true}]}}