{"id":6191,"date":"2021-01-31T19:05:19","date_gmt":"2021-01-31T17:05:19","guid":{"rendered":"https:\/\/www.musikverein-stammheim.de\/start\/?page_id=6191"},"modified":"2021-03-02T21:10:18","modified_gmt":"2021-03-02T19:10:18","slug":"generalversammlung2021","status":"publish","type":"page","link":"https:\/\/www.musikverein-stammheim.de\/start\/generalversammlung2021\/","title":{"rendered":"Link zur Generalversammlung 2021"},"content":{"rendered":"<p>Ihr k\u00f6nnt an der Versammlung folgenderma\u00dfnenteilnehmen:<\/p>\n<ul>\n<li>Mit der App \u201cZOOM\u201d f\u00fcr Smartphone oder PC\n<ul>\n<li>Meeting-ID: 898 4086 2140<\/li>\n<li>Kenncode:\u00a0377159<\/li>\n<\/ul>\n<\/li>\n<li>Mit dem folgendem Link \u00fcber jeden Internetbrowser (Link funktioniert nicht am Smartphone!):<\/li>\n<li><a href=\"https:\/\/us02web.zoom.us\/j\/89840862140?pwd=bmlNcy9pcjN5aEZvMisvODNBYWxLUT09\" target=\"_blank\" rel=\"noopener\">https:\/\/us02web.zoom.us\/j\/89840862140?pwd=bmlNcy9pcjN5aEZvMisvODNBYWxLUT09<\/a><\/li>\n<\/ul>\n<p>Beim Online-Meeting sind folgende Punkte zu beachten:<\/p>\n<ul>\n<li>Bitte 15-20 min vor Beginn einw\u00e4hlen um gen\u00fcgend Zeit zu haben falls technische Schwierigkeiten auftauchen<\/li>\n<li>Beim Anmelden zum Meeting bitte den vollst\u00e4ndigen Namen eingeben (Vor- und Zuname).<\/li>\n<li>Bei der Abfrage &#8220;Wie an der Audiokonferenz teilgenommen werden m\u00f6chte&#8221; bitte ausw\u00e4hlen <strong>Per Computer dem Audio beitreten<\/strong>!<\/li>\n<li>Zu Beginn der Versammlung sind die Mikrofone aller Teilnehmer standardm\u00e4\u00dfig ausgeschaltet, k\u00f6nnen aber bei Bedarf von den Teilnehmern selbst eingeschaltet werden. Um st\u00f6rende Hintergrundger\u00e4usche zu vermeiden, bitten wir euch die Mikrofone stummgeschaltet zu lassen. Wenn ihr einen Redebeitrag habt, dann d\u00fcrft ihr sie selbstverst\u00e4ndlich einschalten.<\/li>\n<li>Falls ihr Euer Smartphone nutzt, m\u00fcsst ihr Euer Mikrofon freigeben (das ist eine h\u00e4ufige Fehlerquelle bei der Smartphonenutzung)<\/li>\n<li><strong>Um \u00dcberlastungen der Serververbindungen zu vermeiden, bitte die Kamera nur aktivieren, wenn wir sie ben\u00f6tigen (wird angek\u00fcndigt)<\/strong><\/li>\n<\/ul>\n","protected":false},"excerpt":{"rendered":"<p>Ihr k\u00f6nnt an der Versammlung folgenderma\u00dfnenteilnehmen: Mit der App \u201cZOOM\u201d f\u00fcr Smartphone oder PC Meeting-ID: 898 4086 2140 Kenncode:\u00a0377159 Mit dem folgendem Link \u00fcber jeden Internetbrowser (Link funktioniert nicht am <a class=\"more-link\" href=\"https:\/\/www.musikverein-stammheim.de\/start\/generalversammlung2021\/\">Weiterlesen \u2192<\/a><\/p>\n","protected":false},"author":1,"featured_media":0,"parent":0,"menu_order":0,"comment_status":"closed","ping_status":"closed","template":"","meta":{"footnotes":""},"class_list":["post-6191","page","type-page","status-publish","hentry"],"_links":{"self":[{"href":"https:\/\/www.musikverein-stammheim.de\/start\/wp-json\/wp\/v2\/pages\/6191","targetHints":{"allow":["GET"]}}],"collection":[{"href":"https:\/\/www.musikverein-stammheim.de\/start\/wp-json\/wp\/v2\/pages"}],"about":[{"href":"https:\/\/www.musikverein-stammheim.de\/start\/wp-json\/wp\/v2\/types\/page"}],"author":[{"embeddable":true,"href":"https:\/\/www.musikverein-stammheim.de\/start\/wp-json\/wp\/v2\/users\/1"}],"replies":[{"embeddable":true,"href":"https:\/\/www.musikverein-stammheim.de\/start\/wp-json\/wp\/v2\/comments?post=6191"}],"version-history":[{"count":6,"href":"https:\/\/www.musikverein-stammheim.de\/start\/wp-json\/wp\/v2\/pages\/6191\/revisions"}],"predecessor-version":[{"id":6218,"href":"https:\/\/www.musikverein-stammheim.de\/start\/wp-json\/wp\/v2\/pages\/6191\/revisions\/6218"}],"wp:attachment":[{"href":"https:\/\/www.musikverein-stammheim.de\/start\/wp-json\/wp\/v2\/media?parent=6191"}],"curies":[{"name":"wp","href":"https:\/\/api.w.org\/{rel}","templated":true}]}}